{"id":3677,"date":"2025-11-01T20:31:39","date_gmt":"2025-11-01T20:31:39","guid":{"rendered":"https:\/\/meyenberg.se\/produkt\/gift-set-secrets\/"},"modified":"2026-04-15T09:22:22","modified_gmt":"2026-04-15T09:22:22","slug":"gift-set-secrets","status":"publish","type":"product","link":"https:\/\/meyenberg.se\/en\/produkt\/gift-set-secrets\/","title":{"rendered":"Gift Set Secrets"},"content":{"rendered":"<h2>Hand wash and hand cream Bergamot &amp; Sea Salt<\/h2>\n","protected":false},"excerpt":{"rendered":"<p data-start=\"256\" data-end=\"724\">An elegant gift box containing our <em data-start=\"317\" data-end=\"326\">Secrets<\/em> hand soap and hand cream &#8211; a fresh and elegant combination of bergamot, sea salt, rose and soft hints of sandalwood.<br data-start=\"419\" data-end=\"422\" \/>A gift of serenity, elegance and secrets. Two products that together nourish, moisturize and leave behind a scent that whispers rather than shouts &#8211; fresh, soft and intimate.<br data-start=\"609\" data-end=\"612\" \/>Made with care in the south of France with perfume from Grasse. 100% vegan and designed for all skin types.<\/p>\n","protected":false},"featured_media":5252,"comment_status":"closed","ping_status":"closed","template":"","meta":[],"product_brand":[],"product_cat":[85,65,57],"product_tag":[],"class_list":{"0":"post-3677","1":"product","2":"type-product","3":"status-publish","4":"has-post-thumbnail","6":"product_cat-blue","7":"product_cat-kit-en","8":"product_cat-poison","9":"has-post-title","10":"has-post-date","11":"has-post-category","12":"has-post-tag","13":"has-post-comment","14":"has-post-author","15":"","17":"first","18":"instock","19":"featured","20":"taxable","21":"shipping-taxable","22":"purchasable","23":"product-type-simple"},"yoast_head":"<!-- This site is optimized with the Yoast SEO plugin v27.4 - https:\/\/yoast.com\/product\/yoast-seo-wordpress\/ -->\n<title>Gift Set Secrets - MEYENBERG Soap &amp; Scent<\/title>\n<meta name=\"robots\" content=\"index, follow, max-snippet:-1, max-image-preview:large, max-video-preview:-1\" \/>\n<link rel=\"canonical\" href=\"https:\/\/meyenberg.se\/produkt\/gift-set-secrets\/\" \/>\n<meta property=\"og:locale\" content=\"en_US\" \/>\n<meta property=\"og:type\" content=\"article\" \/>\n<meta property=\"og:title\" content=\"Gift Set Secrets - MEYENBERG Soap &amp; Scent\" \/>\n<meta property=\"og:description\" content=\"An elegant gift box containing our Secrets hand soap and hand cream - a fresh and elegant combination of bergamot, sea salt, rose and soft hints of sandalwood.A gift of serenity, elegance and secrets. Two products that together nourish, moisturize and leave behind a scent that whispers rather than shouts - fresh, soft and intimate.Made with care in the south of France with perfume from Grasse. 100% vegan and designed for all skin types.\" \/>\n<meta property=\"og:url\" content=\"https:\/\/meyenberg.se\/produkt\/gift-set-secrets\/\" \/>\n<meta property=\"og:site_name\" content=\"MEYENBERG Soap &amp; Scent\" \/>\n<meta property=\"article:publisher\" content=\"https:\/\/facebook.com\/meyenbergofficial\" \/>\n<meta property=\"article:modified_time\" content=\"2026-04-15T09:22:22+00:00\" \/>\n<meta property=\"og:image\" content=\"https:\/\/meyenberg.se\/wp-content\/uploads\/2025\/12\/Gift-box-bla-mot-gul-puff.jpg\" \/>\n\t<meta property=\"og:image:width\" content=\"1950\" \/>\n\t<meta property=\"og:image:height\" content=\"1707\" \/>\n\t<meta property=\"og:image:type\" content=\"image\/jpeg\" \/>\n<meta name=\"twitter:card\" content=\"summary_large_image\" \/>\n<meta name=\"twitter:label1\" content=\"Est. reading time\" \/>\n\t<meta name=\"twitter:data1\" content=\"1 minute\" \/>\n<script type=\"application\/ld+json\" class=\"yoast-schema-graph\">{\"@context\":\"https:\\\/\\\/schema.org\",\"@graph\":[{\"@type\":\"WebPage\",\"@id\":\"https:\\\/\\\/meyenberg.se\\\/produkt\\\/gift-set-secrets\\\/\",\"url\":\"https:\\\/\\\/meyenberg.se\\\/produkt\\\/gift-set-secrets\\\/\",\"name\":\"Gift Set Secrets - MEYENBERG Soap &amp; Scent\",\"isPartOf\":{\"@id\":\"https:\\\/\\\/meyenberg.se\\\/#website\"},\"primaryImageOfPage\":{\"@id\":\"https:\\\/\\\/meyenberg.se\\\/produkt\\\/gift-set-secrets\\\/#primaryimage\"},\"image\":{\"@id\":\"https:\\\/\\\/meyenberg.se\\\/produkt\\\/gift-set-secrets\\\/#primaryimage\"},\"thumbnailUrl\":\"https:\\\/\\\/meyenberg.se\\\/wp-content\\\/uploads\\\/2026\\\/04\\\/Gift-box-bla-mot-gul-puff.jpeg\",\"datePublished\":\"2025-11-01T20:31:39+00:00\",\"dateModified\":\"2026-04-15T09:22:22+00:00\",\"breadcrumb\":{\"@id\":\"https:\\\/\\\/meyenberg.se\\\/produkt\\\/gift-set-secrets\\\/#breadcrumb\"},\"inLanguage\":\"en-US\",\"potentialAction\":[{\"@type\":\"ReadAction\",\"target\":[\"https:\\\/\\\/meyenberg.se\\\/produkt\\\/gift-set-secrets\\\/\"]}]},{\"@type\":\"ImageObject\",\"inLanguage\":\"en-US\",\"@id\":\"https:\\\/\\\/meyenberg.se\\\/produkt\\\/gift-set-secrets\\\/#primaryimage\",\"url\":\"https:\\\/\\\/meyenberg.se\\\/wp-content\\\/uploads\\\/2026\\\/04\\\/Gift-box-bla-mot-gul-puff.jpeg\",\"contentUrl\":\"https:\\\/\\\/meyenberg.se\\\/wp-content\\\/uploads\\\/2026\\\/04\\\/Gift-box-bla-mot-gul-puff.jpeg\",\"width\":1707,\"height\":1707,\"caption\":\"Bl\u00e5 Meyenberg Secrets-presentask med handtv\u00e5l och handkr\u00e4m med doft av bergamot och havssalt, p\u00e5 gul puff med ett svart sidenband bredvid.\"},{\"@type\":\"BreadcrumbList\",\"@id\":\"https:\\\/\\\/meyenberg.se\\\/produkt\\\/gift-set-secrets\\\/#breadcrumb\",\"itemListElement\":[{\"@type\":\"ListItem\",\"position\":1,\"name\":\"Hem\",\"item\":\"https:\\\/\\\/meyenberg.se\\\/en\\\/\"},{\"@type\":\"ListItem\",\"position\":2,\"name\":\"Shop\",\"item\":\"https:\\\/\\\/meyenberg.se\\\/en\\\/shop\\\/\"},{\"@type\":\"ListItem\",\"position\":3,\"name\":\"Gift Set Secrets\"}]},{\"@type\":\"WebSite\",\"@id\":\"https:\\\/\\\/meyenberg.se\\\/#website\",\"url\":\"https:\\\/\\\/meyenberg.se\\\/\",\"name\":\"MEYENBERG Soap & Scent\",\"description\":\"100% vegan soap. Proudly produced in Marseilles with perfume from Grasse.\",\"publisher\":{\"@id\":\"https:\\\/\\\/meyenberg.se\\\/#organization\"},\"potentialAction\":[{\"@type\":\"SearchAction\",\"target\":{\"@type\":\"EntryPoint\",\"urlTemplate\":\"https:\\\/\\\/meyenberg.se\\\/?s={search_term_string}\"},\"query-input\":{\"@type\":\"PropertyValueSpecification\",\"valueRequired\":true,\"valueName\":\"search_term_string\"}}],\"inLanguage\":\"en-US\"},{\"@type\":\"Organization\",\"@id\":\"https:\\\/\\\/meyenberg.se\\\/#organization\",\"name\":\"MEYENBERG Soap & Scent\",\"url\":\"https:\\\/\\\/meyenberg.se\\\/\",\"logo\":{\"@type\":\"ImageObject\",\"inLanguage\":\"en-US\",\"@id\":\"https:\\\/\\\/meyenberg.se\\\/#\\\/schema\\\/logo\\\/image\\\/\",\"url\":\"https:\\\/\\\/meyenberg.se\\\/wp-content\\\/uploads\\\/2022\\\/06\\\/Meyenberg_logo_circular.png\",\"contentUrl\":\"https:\\\/\\\/meyenberg.se\\\/wp-content\\\/uploads\\\/2022\\\/06\\\/Meyenberg_logo_circular.png\",\"width\":500,\"height\":491,\"caption\":\"MEYENBERG Soap & Scent\"},\"image\":{\"@id\":\"https:\\\/\\\/meyenberg.se\\\/#\\\/schema\\\/logo\\\/image\\\/\"},\"sameAs\":[\"https:\\\/\\\/facebook.com\\\/meyenbergofficial\",\"https:\\\/\\\/instagram.com\\\/meyenbergofficial\"]}]}<\/script>\n<!-- \/ Yoast SEO plugin. -->","yoast_head_json":{"title":"Gift Set Secrets - MEYENBERG Soap &amp; Scent","robots":{"index":"index","follow":"follow","max-snippet":"max-snippet:-1","max-image-preview":"max-image-preview:large","max-video-preview":"max-video-preview:-1"},"canonical":"https:\/\/meyenberg.se\/produkt\/gift-set-secrets\/","og_locale":"en_US","og_type":"article","og_title":"Gift Set Secrets - MEYENBERG Soap &amp; Scent","og_description":"An elegant gift box containing our Secrets hand soap and hand cream - a fresh and elegant combination of bergamot, sea salt, rose and soft hints of sandalwood.A gift of serenity, elegance and secrets. Two products that together nourish, moisturize and leave behind a scent that whispers rather than shouts - fresh, soft and intimate.Made with care in the south of France with perfume from Grasse. 100% vegan and designed for all skin types.","og_url":"https:\/\/meyenberg.se\/produkt\/gift-set-secrets\/","og_site_name":"MEYENBERG Soap &amp; Scent","article_publisher":"https:\/\/facebook.com\/meyenbergofficial","article_modified_time":"2026-04-15T09:22:22+00:00","og_image":[{"width":1950,"height":1707,"url":"https:\/\/meyenberg.se\/wp-content\/uploads\/2025\/12\/Gift-box-bla-mot-gul-puff.jpg","type":"image\/jpeg"}],"twitter_card":"summary_large_image","twitter_misc":{"Est. reading time":"1 minute"},"schema":{"@context":"https:\/\/schema.org","@graph":[{"@type":"WebPage","@id":"https:\/\/meyenberg.se\/produkt\/gift-set-secrets\/","url":"https:\/\/meyenberg.se\/produkt\/gift-set-secrets\/","name":"Gift Set Secrets - MEYENBERG Soap &amp; Scent","isPartOf":{"@id":"https:\/\/meyenberg.se\/#website"},"primaryImageOfPage":{"@id":"https:\/\/meyenberg.se\/produkt\/gift-set-secrets\/#primaryimage"},"image":{"@id":"https:\/\/meyenberg.se\/produkt\/gift-set-secrets\/#primaryimage"},"thumbnailUrl":"https:\/\/meyenberg.se\/wp-content\/uploads\/2026\/04\/Gift-box-bla-mot-gul-puff.jpeg","datePublished":"2025-11-01T20:31:39+00:00","dateModified":"2026-04-15T09:22:22+00:00","breadcrumb":{"@id":"https:\/\/meyenberg.se\/produkt\/gift-set-secrets\/#breadcrumb"},"inLanguage":"en-US","potentialAction":[{"@type":"ReadAction","target":["https:\/\/meyenberg.se\/produkt\/gift-set-secrets\/"]}]},{"@type":"ImageObject","inLanguage":"en-US","@id":"https:\/\/meyenberg.se\/produkt\/gift-set-secrets\/#primaryimage","url":"https:\/\/meyenberg.se\/wp-content\/uploads\/2026\/04\/Gift-box-bla-mot-gul-puff.jpeg","contentUrl":"https:\/\/meyenberg.se\/wp-content\/uploads\/2026\/04\/Gift-box-bla-mot-gul-puff.jpeg","width":1707,"height":1707,"caption":"Bl\u00e5 Meyenberg Secrets-presentask med handtv\u00e5l och handkr\u00e4m med doft av bergamot och havssalt, p\u00e5 gul puff med ett svart sidenband bredvid."},{"@type":"BreadcrumbList","@id":"https:\/\/meyenberg.se\/produkt\/gift-set-secrets\/#breadcrumb","itemListElement":[{"@type":"ListItem","position":1,"name":"Hem","item":"https:\/\/meyenberg.se\/en\/"},{"@type":"ListItem","position":2,"name":"Shop","item":"https:\/\/meyenberg.se\/en\/shop\/"},{"@type":"ListItem","position":3,"name":"Gift Set Secrets"}]},{"@type":"WebSite","@id":"https:\/\/meyenberg.se\/#website","url":"https:\/\/meyenberg.se\/","name":"MEYENBERG Soap & Scent","description":"100% vegan soap. Proudly produced in Marseilles with perfume from Grasse.","publisher":{"@id":"https:\/\/meyenberg.se\/#organization"},"potentialAction":[{"@type":"SearchAction","target":{"@type":"EntryPoint","urlTemplate":"https:\/\/meyenberg.se\/?s={search_term_string}"},"query-input":{"@type":"PropertyValueSpecification","valueRequired":true,"valueName":"search_term_string"}}],"inLanguage":"en-US"},{"@type":"Organization","@id":"https:\/\/meyenberg.se\/#organization","name":"MEYENBERG Soap & Scent","url":"https:\/\/meyenberg.se\/","logo":{"@type":"ImageObject","inLanguage":"en-US","@id":"https:\/\/meyenberg.se\/#\/schema\/logo\/image\/","url":"https:\/\/meyenberg.se\/wp-content\/uploads\/2022\/06\/Meyenberg_logo_circular.png","contentUrl":"https:\/\/meyenberg.se\/wp-content\/uploads\/2022\/06\/Meyenberg_logo_circular.png","width":500,"height":491,"caption":"MEYENBERG Soap & Scent"},"image":{"@id":"https:\/\/meyenberg.se\/#\/schema\/logo\/image\/"},"sameAs":["https:\/\/facebook.com\/meyenbergofficial","https:\/\/instagram.com\/meyenbergofficial"]}]}},"builder_content":"","_links":{"self":[{"href":"https:\/\/meyenberg.se\/en\/wp-json\/wp\/v2\/product\/3677","targetHints":{"allow":["GET"]}}],"collection":[{"href":"https:\/\/meyenberg.se\/en\/wp-json\/wp\/v2\/product"}],"about":[{"href":"https:\/\/meyenberg.se\/en\/wp-json\/wp\/v2\/types\/product"}],"replies":[{"embeddable":true,"href":"https:\/\/meyenberg.se\/en\/wp-json\/wp\/v2\/comments?post=3677"}],"wp:featuredmedia":[{"embeddable":true,"href":"https:\/\/meyenberg.se\/en\/wp-json\/wp\/v2\/media\/5252"}],"wp:attachment":[{"href":"https:\/\/meyenberg.se\/en\/wp-json\/wp\/v2\/media?parent=3677"}],"wp:term":[{"taxonomy":"product_brand","embeddable":true,"href":"https:\/\/meyenberg.se\/en\/wp-json\/wp\/v2\/product_brand?post=3677"},{"taxonomy":"product_cat","embeddable":true,"href":"https:\/\/meyenberg.se\/en\/wp-json\/wp\/v2\/product_cat?post=3677"},{"taxonomy":"product_tag","embeddable":true,"href":"https:\/\/meyenberg.se\/en\/wp-json\/wp\/v2\/product_tag?post=3677"}],"curies":[{"name":"wp","href":"https:\/\/api.w.org\/{rel}","templated":true}]}}