{"id":2269,"date":"2024-01-30T09:41:44","date_gmt":"2024-01-30T09:41:44","guid":{"rendered":"https:\/\/meyenberg.se\/?post_type=product&#038;p=2269"},"modified":"2026-04-06T14:29:56","modified_gmt":"2026-04-06T14:29:56","slug":"soap-secrets-kopia","status":"publish","type":"product","link":"https:\/\/meyenberg.se\/en\/produkt\/soap-secrets-kopia\/","title":{"rendered":"Soap &amp; Secrets Refill"},"content":{"rendered":"<h2>Bergamot &amp; Sea Salt<\/h2>\n","protected":false},"excerpt":{"rendered":"<p>1000 ml<\/p>\n<p>A softening and moisturizing hand soap with a fresh scent, where crisp citrus notes of bergamot meet sea salt, rose and soft touches of sandalwood.100% vegan and made with natural and organic ingredients that gently cleanse and care for all skin types. Enriched with organic neroli oil and aloe vera for intense hydration and a soothing sensation. Carefully crafted in the South of France with Grasse perfume.  <\/p>\n<p>Refill &amp; Repeat. 1000 ml refill pouch &#8211; enough to fill your original bottle twice.<\/p>\n","protected":false},"featured_media":3983,"comment_status":"closed","ping_status":"closed","template":"","meta":[],"product_brand":[],"product_cat":[85,67],"product_tag":[],"class_list":{"0":"post-2269","1":"product","2":"type-product","3":"status-publish","4":"has-post-thumbnail","6":"product_cat-blue","7":"product_cat-refill-en","8":"has-post-title","9":"has-post-date","10":"has-post-category","11":"has-post-tag","12":"has-post-comment","13":"has-post-author","14":"","16":"first","17":"instock","18":"featured","19":"taxable","20":"shipping-taxable","21":"purchasable","22":"product-type-simple"},"yoast_head":"<!-- This site is optimized with the Yoast SEO plugin v27.4 - https:\/\/yoast.com\/product\/yoast-seo-wordpress\/ -->\n<title>Soap &amp; Secrets Refill - MEYENBERG Soap &amp; Scent<\/title>\n<meta name=\"robots\" content=\"index, follow, max-snippet:-1, max-image-preview:large, max-video-preview:-1\" \/>\n<link rel=\"canonical\" href=\"https:\/\/meyenberg.se\/en\/produkt\/soap-secrets-kopia\/\" \/>\n<meta property=\"og:locale\" content=\"en_US\" \/>\n<meta property=\"og:type\" content=\"article\" \/>\n<meta property=\"og:title\" content=\"Soap &amp; Secrets Refill - MEYENBERG Soap &amp; Scent\" \/>\n<meta property=\"og:description\" content=\"1000 ml A softening and moisturizing hand soap with a fresh scent, where crisp citrus notes of bergamot meet sea salt, rose and soft touches of sandalwood.100% vegan and made with natural and organic ingredients that gently cleanse and care for all skin types. Enriched with organic neroli oil and aloe vera for intense hydration and a soothing sensation. Carefully crafted in the South of France with Grasse perfume.  Refill &amp; Repeat. 1000 ml refill pouch - enough to fill your original bottle twice.\" \/>\n<meta property=\"og:url\" content=\"https:\/\/meyenberg.se\/en\/produkt\/soap-secrets-kopia\/\" \/>\n<meta property=\"og:site_name\" content=\"MEYENBERG Soap &amp; Scent\" \/>\n<meta property=\"article:publisher\" content=\"https:\/\/facebook.com\/meyenbergofficial\" \/>\n<meta property=\"article:modified_time\" content=\"2026-04-06T14:29:56+00:00\" \/>\n<meta property=\"og:image\" content=\"https:\/\/meyenberg.se\/wp-content\/uploads\/2025\/11\/Meyenberg-Soap-Scent-Refill-Bergamot-Sea-Salt-gron-silkestyg.jpg\" \/>\n\t<meta property=\"og:image:width\" content=\"900\" \/>\n\t<meta property=\"og:image:height\" content=\"900\" \/>\n\t<meta property=\"og:image:type\" content=\"image\/jpeg\" \/>\n<meta name=\"twitter:card\" content=\"summary_large_image\" \/>\n<script type=\"application\/ld+json\" class=\"yoast-schema-graph\">{\"@context\":\"https:\\\/\\\/schema.org\",\"@graph\":[{\"@type\":\"WebPage\",\"@id\":\"https:\\\/\\\/meyenberg.se\\\/en\\\/produkt\\\/soap-secrets-kopia\\\/\",\"url\":\"https:\\\/\\\/meyenberg.se\\\/en\\\/produkt\\\/soap-secrets-kopia\\\/\",\"name\":\"Soap &amp; Secrets Refill - MEYENBERG Soap &amp; Scent\",\"isPartOf\":{\"@id\":\"https:\\\/\\\/meyenberg.se\\\/#website\"},\"primaryImageOfPage\":{\"@id\":\"https:\\\/\\\/meyenberg.se\\\/en\\\/produkt\\\/soap-secrets-kopia\\\/#primaryimage\"},\"image\":{\"@id\":\"https:\\\/\\\/meyenberg.se\\\/en\\\/produkt\\\/soap-secrets-kopia\\\/#primaryimage\"},\"thumbnailUrl\":\"https:\\\/\\\/meyenberg.se\\\/wp-content\\\/uploads\\\/2025\\\/11\\\/Meyenberg-Soap-Scent-Refill-Bergamot-Sea-Salt-gron-silkestyg.jpg\",\"datePublished\":\"2024-01-30T09:41:44+00:00\",\"dateModified\":\"2026-04-06T14:29:56+00:00\",\"breadcrumb\":{\"@id\":\"https:\\\/\\\/meyenberg.se\\\/en\\\/produkt\\\/soap-secrets-kopia\\\/#breadcrumb\"},\"inLanguage\":\"en-US\",\"potentialAction\":[{\"@type\":\"ReadAction\",\"target\":[\"https:\\\/\\\/meyenberg.se\\\/en\\\/produkt\\\/soap-secrets-kopia\\\/\"]}]},{\"@type\":\"ImageObject\",\"inLanguage\":\"en-US\",\"@id\":\"https:\\\/\\\/meyenberg.se\\\/en\\\/produkt\\\/soap-secrets-kopia\\\/#primaryimage\",\"url\":\"https:\\\/\\\/meyenberg.se\\\/wp-content\\\/uploads\\\/2025\\\/11\\\/Meyenberg-Soap-Scent-Refill-Bergamot-Sea-Salt-gron-silkestyg.jpg\",\"contentUrl\":\"https:\\\/\\\/meyenberg.se\\\/wp-content\\\/uploads\\\/2025\\\/11\\\/Meyenberg-Soap-Scent-Refill-Bergamot-Sea-Salt-gron-silkestyg.jpg\",\"width\":900,\"height\":900,\"caption\":\"Meyenberg Bergamot och Sea Salt handtv\u00e5l refill i bl\u00e5 f\u00f6rpackning mot gr\u00f6nt silkestyg.\"},{\"@type\":\"BreadcrumbList\",\"@id\":\"https:\\\/\\\/meyenberg.se\\\/en\\\/produkt\\\/soap-secrets-kopia\\\/#breadcrumb\",\"itemListElement\":[{\"@type\":\"ListItem\",\"position\":1,\"name\":\"Hem\",\"item\":\"https:\\\/\\\/meyenberg.se\\\/en\\\/\"},{\"@type\":\"ListItem\",\"position\":2,\"name\":\"Shop\",\"item\":\"https:\\\/\\\/meyenberg.se\\\/en\\\/shop\\\/\"},{\"@type\":\"ListItem\",\"position\":3,\"name\":\"Soap &amp; Secrets Refill\"}]},{\"@type\":\"WebSite\",\"@id\":\"https:\\\/\\\/meyenberg.se\\\/#website\",\"url\":\"https:\\\/\\\/meyenberg.se\\\/\",\"name\":\"MEYENBERG Soap & Scent\",\"description\":\"100% vegan soap. Proudly produced in Marseilles with perfume from Grasse.\",\"publisher\":{\"@id\":\"https:\\\/\\\/meyenberg.se\\\/#organization\"},\"potentialAction\":[{\"@type\":\"SearchAction\",\"target\":{\"@type\":\"EntryPoint\",\"urlTemplate\":\"https:\\\/\\\/meyenberg.se\\\/?s={search_term_string}\"},\"query-input\":{\"@type\":\"PropertyValueSpecification\",\"valueRequired\":true,\"valueName\":\"search_term_string\"}}],\"inLanguage\":\"en-US\"},{\"@type\":\"Organization\",\"@id\":\"https:\\\/\\\/meyenberg.se\\\/#organization\",\"name\":\"MEYENBERG Soap & Scent\",\"url\":\"https:\\\/\\\/meyenberg.se\\\/\",\"logo\":{\"@type\":\"ImageObject\",\"inLanguage\":\"en-US\",\"@id\":\"https:\\\/\\\/meyenberg.se\\\/#\\\/schema\\\/logo\\\/image\\\/\",\"url\":\"https:\\\/\\\/meyenberg.se\\\/wp-content\\\/uploads\\\/2022\\\/06\\\/Meyenberg_logo_circular.png\",\"contentUrl\":\"https:\\\/\\\/meyenberg.se\\\/wp-content\\\/uploads\\\/2022\\\/06\\\/Meyenberg_logo_circular.png\",\"width\":500,\"height\":491,\"caption\":\"MEYENBERG Soap & Scent\"},\"image\":{\"@id\":\"https:\\\/\\\/meyenberg.se\\\/#\\\/schema\\\/logo\\\/image\\\/\"},\"sameAs\":[\"https:\\\/\\\/facebook.com\\\/meyenbergofficial\",\"https:\\\/\\\/instagram.com\\\/meyenbergofficial\"]}]}<\/script>\n<!-- \/ Yoast SEO plugin. -->","yoast_head_json":{"title":"Soap &amp; Secrets Refill - MEYENBERG Soap &amp; Scent","robots":{"index":"index","follow":"follow","max-snippet":"max-snippet:-1","max-image-preview":"max-image-preview:large","max-video-preview":"max-video-preview:-1"},"canonical":"https:\/\/meyenberg.se\/en\/produkt\/soap-secrets-kopia\/","og_locale":"en_US","og_type":"article","og_title":"Soap &amp; Secrets Refill - MEYENBERG Soap &amp; Scent","og_description":"1000 ml A softening and moisturizing hand soap with a fresh scent, where crisp citrus notes of bergamot meet sea salt, rose and soft touches of sandalwood.100% vegan and made with natural and organic ingredients that gently cleanse and care for all skin types. Enriched with organic neroli oil and aloe vera for intense hydration and a soothing sensation. Carefully crafted in the South of France with Grasse perfume.  Refill &amp; Repeat. 1000 ml refill pouch - enough to fill your original bottle twice.","og_url":"https:\/\/meyenberg.se\/en\/produkt\/soap-secrets-kopia\/","og_site_name":"MEYENBERG Soap &amp; Scent","article_publisher":"https:\/\/facebook.com\/meyenbergofficial","article_modified_time":"2026-04-06T14:29:56+00:00","og_image":[{"width":900,"height":900,"url":"https:\/\/meyenberg.se\/wp-content\/uploads\/2025\/11\/Meyenberg-Soap-Scent-Refill-Bergamot-Sea-Salt-gron-silkestyg.jpg","type":"image\/jpeg"}],"twitter_card":"summary_large_image","schema":{"@context":"https:\/\/schema.org","@graph":[{"@type":"WebPage","@id":"https:\/\/meyenberg.se\/en\/produkt\/soap-secrets-kopia\/","url":"https:\/\/meyenberg.se\/en\/produkt\/soap-secrets-kopia\/","name":"Soap &amp; Secrets Refill - MEYENBERG Soap &amp; Scent","isPartOf":{"@id":"https:\/\/meyenberg.se\/#website"},"primaryImageOfPage":{"@id":"https:\/\/meyenberg.se\/en\/produkt\/soap-secrets-kopia\/#primaryimage"},"image":{"@id":"https:\/\/meyenberg.se\/en\/produkt\/soap-secrets-kopia\/#primaryimage"},"thumbnailUrl":"https:\/\/meyenberg.se\/wp-content\/uploads\/2025\/11\/Meyenberg-Soap-Scent-Refill-Bergamot-Sea-Salt-gron-silkestyg.jpg","datePublished":"2024-01-30T09:41:44+00:00","dateModified":"2026-04-06T14:29:56+00:00","breadcrumb":{"@id":"https:\/\/meyenberg.se\/en\/produkt\/soap-secrets-kopia\/#breadcrumb"},"inLanguage":"en-US","potentialAction":[{"@type":"ReadAction","target":["https:\/\/meyenberg.se\/en\/produkt\/soap-secrets-kopia\/"]}]},{"@type":"ImageObject","inLanguage":"en-US","@id":"https:\/\/meyenberg.se\/en\/produkt\/soap-secrets-kopia\/#primaryimage","url":"https:\/\/meyenberg.se\/wp-content\/uploads\/2025\/11\/Meyenberg-Soap-Scent-Refill-Bergamot-Sea-Salt-gron-silkestyg.jpg","contentUrl":"https:\/\/meyenberg.se\/wp-content\/uploads\/2025\/11\/Meyenberg-Soap-Scent-Refill-Bergamot-Sea-Salt-gron-silkestyg.jpg","width":900,"height":900,"caption":"Meyenberg Bergamot och Sea Salt handtv\u00e5l refill i bl\u00e5 f\u00f6rpackning mot gr\u00f6nt silkestyg."},{"@type":"BreadcrumbList","@id":"https:\/\/meyenberg.se\/en\/produkt\/soap-secrets-kopia\/#breadcrumb","itemListElement":[{"@type":"ListItem","position":1,"name":"Hem","item":"https:\/\/meyenberg.se\/en\/"},{"@type":"ListItem","position":2,"name":"Shop","item":"https:\/\/meyenberg.se\/en\/shop\/"},{"@type":"ListItem","position":3,"name":"Soap &amp; Secrets Refill"}]},{"@type":"WebSite","@id":"https:\/\/meyenberg.se\/#website","url":"https:\/\/meyenberg.se\/","name":"MEYENBERG Soap & Scent","description":"100% vegan soap. Proudly produced in Marseilles with perfume from Grasse.","publisher":{"@id":"https:\/\/meyenberg.se\/#organization"},"potentialAction":[{"@type":"SearchAction","target":{"@type":"EntryPoint","urlTemplate":"https:\/\/meyenberg.se\/?s={search_term_string}"},"query-input":{"@type":"PropertyValueSpecification","valueRequired":true,"valueName":"search_term_string"}}],"inLanguage":"en-US"},{"@type":"Organization","@id":"https:\/\/meyenberg.se\/#organization","name":"MEYENBERG Soap & Scent","url":"https:\/\/meyenberg.se\/","logo":{"@type":"ImageObject","inLanguage":"en-US","@id":"https:\/\/meyenberg.se\/#\/schema\/logo\/image\/","url":"https:\/\/meyenberg.se\/wp-content\/uploads\/2022\/06\/Meyenberg_logo_circular.png","contentUrl":"https:\/\/meyenberg.se\/wp-content\/uploads\/2022\/06\/Meyenberg_logo_circular.png","width":500,"height":491,"caption":"MEYENBERG Soap & Scent"},"image":{"@id":"https:\/\/meyenberg.se\/#\/schema\/logo\/image\/"},"sameAs":["https:\/\/facebook.com\/meyenbergofficial","https:\/\/instagram.com\/meyenbergofficial"]}]}},"builder_content":"","_links":{"self":[{"href":"https:\/\/meyenberg.se\/en\/wp-json\/wp\/v2\/product\/2269","targetHints":{"allow":["GET"]}}],"collection":[{"href":"https:\/\/meyenberg.se\/en\/wp-json\/wp\/v2\/product"}],"about":[{"href":"https:\/\/meyenberg.se\/en\/wp-json\/wp\/v2\/types\/product"}],"replies":[{"embeddable":true,"href":"https:\/\/meyenberg.se\/en\/wp-json\/wp\/v2\/comments?post=2269"}],"wp:featuredmedia":[{"embeddable":true,"href":"https:\/\/meyenberg.se\/en\/wp-json\/wp\/v2\/media\/3983"}],"wp:attachment":[{"href":"https:\/\/meyenberg.se\/en\/wp-json\/wp\/v2\/media?parent=2269"}],"wp:term":[{"taxonomy":"product_brand","embeddable":true,"href":"https:\/\/meyenberg.se\/en\/wp-json\/wp\/v2\/product_brand?post=2269"},{"taxonomy":"product_cat","embeddable":true,"href":"https:\/\/meyenberg.se\/en\/wp-json\/wp\/v2\/product_cat?post=2269"},{"taxonomy":"product_tag","embeddable":true,"href":"https:\/\/meyenberg.se\/en\/wp-json\/wp\/v2\/product_tag?post=2269"}],"curies":[{"name":"wp","href":"https:\/\/api.w.org\/{rel}","templated":true}]}}