{"id":2113,"date":"2021-11-03T08:36:07","date_gmt":"2021-11-03T08:36:07","guid":{"rendered":"https:\/\/meyenberg.se\/produkt\/soap-courage\/"},"modified":"2026-01-05T18:15:28","modified_gmt":"2026-01-05T18:15:28","slug":"soap-courage","status":"publish","type":"product","link":"https:\/\/meyenberg.se\/en\/produkt\/soap-courage\/","title":{"rendered":"Soap &amp; Courage"},"content":{"rendered":"","protected":false},"excerpt":{"rendered":"<p>500 ml<\/p>\n<p>A soap that combines notes of moss, eucalyptus and the smoky notes of cedar with the herbal and fresh notes of coriander and rhubarb. Balanced fragrance that appeals to women as well as men in its character.<\/p>\n<p>An emollient liquid soap with natural organic ingredients that cleanses and nourishes all skin types. Enriched with organic neroli oil and organic aloe vera with its desirable moisturizing and soothing effect on the skin.<\/p>\n<ul>\n<li>100% vegan<\/li>\n<li>Free from sulfates, parabens and phthalates.<\/li>\n<li>Bottle made from 100% recycled material<\/li>\n<li>Proudly produced in Marseille with perfume from Grasse.<\/li>\n<\/ul>\n","protected":false},"featured_media":4004,"comment_status":"closed","ping_status":"closed","template":"","meta":[],"product_brand":[],"product_cat":[71,76,62],"product_tag":[],"class_list":{"0":"post-2113","1":"product","2":"type-product","3":"status-publish","4":"has-post-thumbnail","6":"product_cat-bottles-en","7":"product_cat-green","8":"product_cat-soap-en","9":"has-post-title","10":"has-post-date","11":"has-post-category","12":"has-post-tag","13":"has-post-comment","14":"has-post-author","15":"","17":"first","18":"instock","19":"featured","20":"taxable","21":"shipping-taxable","22":"purchasable","23":"product-type-simple"},"yoast_head":"<!-- This site is optimized with the Yoast SEO plugin v27.4 - https:\/\/yoast.com\/product\/yoast-seo-wordpress\/ -->\n<title>Soap &amp; Courage - MEYENBERG Soap &amp; Scent<\/title>\n<meta name=\"robots\" content=\"index, follow, max-snippet:-1, max-image-preview:large, max-video-preview:-1\" \/>\n<link rel=\"canonical\" href=\"https:\/\/meyenberg.se\/en\/produkt\/soap-courage\/\" \/>\n<meta property=\"og:locale\" content=\"en_US\" \/>\n<meta property=\"og:type\" content=\"article\" \/>\n<meta property=\"og:title\" content=\"Soap &amp; Courage - MEYENBERG Soap &amp; Scent\" \/>\n<meta property=\"og:description\" content=\"500 ml  A soap that combines notes of moss, eucalyptus and the smoky notes of cedar with the herbal and fresh notes of coriander and rhubarb. Balanced fragrance that appeals to women as well as men in its character.  An emollient liquid soap with natural organic ingredients that cleanses and nourishes all skin types. Enriched with organic neroli oil and organic aloe vera with its desirable moisturizing and soothing effect on the skin.   100% vegan  Free from sulfates, parabens and phthalates.  Bottle made from 100% recycled material  Proudly produced in Marseille with perfume from Grasse.\" \/>\n<meta property=\"og:url\" content=\"https:\/\/meyenberg.se\/en\/produkt\/soap-courage\/\" \/>\n<meta property=\"og:site_name\" content=\"MEYENBERG Soap &amp; Scent\" \/>\n<meta property=\"article:publisher\" content=\"https:\/\/facebook.com\/meyenbergofficial\" \/>\n<meta property=\"article:modified_time\" content=\"2026-01-05T18:15:28+00:00\" \/>\n<meta property=\"og:image\" content=\"https:\/\/meyenberg.se\/wp-content\/uploads\/2025\/11\/Meyenberg-Soap-Scent-Wild-Moss-Coriander-lila-silkestyg.jpg\" \/>\n\t<meta property=\"og:image:width\" content=\"900\" \/>\n\t<meta property=\"og:image:height\" content=\"900\" \/>\n\t<meta property=\"og:image:type\" content=\"image\/jpeg\" \/>\n<meta name=\"twitter:card\" content=\"summary_large_image\" \/>\n<script type=\"application\/ld+json\" class=\"yoast-schema-graph\">{\"@context\":\"https:\\\/\\\/schema.org\",\"@graph\":[{\"@type\":\"WebPage\",\"@id\":\"https:\\\/\\\/meyenberg.se\\\/en\\\/produkt\\\/soap-courage\\\/\",\"url\":\"https:\\\/\\\/meyenberg.se\\\/en\\\/produkt\\\/soap-courage\\\/\",\"name\":\"Soap &amp; Courage - MEYENBERG Soap &amp; Scent\",\"isPartOf\":{\"@id\":\"https:\\\/\\\/meyenberg.se\\\/#website\"},\"primaryImageOfPage\":{\"@id\":\"https:\\\/\\\/meyenberg.se\\\/en\\\/produkt\\\/soap-courage\\\/#primaryimage\"},\"image\":{\"@id\":\"https:\\\/\\\/meyenberg.se\\\/en\\\/produkt\\\/soap-courage\\\/#primaryimage\"},\"thumbnailUrl\":\"https:\\\/\\\/meyenberg.se\\\/wp-content\\\/uploads\\\/2025\\\/11\\\/Meyenberg-Soap-Scent-Wild-Moss-Coriander-lila-silkestyg.jpg\",\"datePublished\":\"2021-11-03T08:36:07+00:00\",\"dateModified\":\"2026-01-05T18:15:28+00:00\",\"breadcrumb\":{\"@id\":\"https:\\\/\\\/meyenberg.se\\\/en\\\/produkt\\\/soap-courage\\\/#breadcrumb\"},\"inLanguage\":\"en-US\",\"potentialAction\":[{\"@type\":\"ReadAction\",\"target\":[\"https:\\\/\\\/meyenberg.se\\\/en\\\/produkt\\\/soap-courage\\\/\"]}]},{\"@type\":\"ImageObject\",\"inLanguage\":\"en-US\",\"@id\":\"https:\\\/\\\/meyenberg.se\\\/en\\\/produkt\\\/soap-courage\\\/#primaryimage\",\"url\":\"https:\\\/\\\/meyenberg.se\\\/wp-content\\\/uploads\\\/2025\\\/11\\\/Meyenberg-Soap-Scent-Wild-Moss-Coriander-lila-silkestyg.jpg\",\"contentUrl\":\"https:\\\/\\\/meyenberg.se\\\/wp-content\\\/uploads\\\/2025\\\/11\\\/Meyenberg-Soap-Scent-Wild-Moss-Coriander-lila-silkestyg.jpg\",\"width\":900,\"height\":900,\"caption\":\"Gr\u00f6n flaska med Meyenberg Wild Moss and Coriander handtv\u00e5l p\u00e5 lila tygbakgrund.\"},{\"@type\":\"BreadcrumbList\",\"@id\":\"https:\\\/\\\/meyenberg.se\\\/en\\\/produkt\\\/soap-courage\\\/#breadcrumb\",\"itemListElement\":[{\"@type\":\"ListItem\",\"position\":1,\"name\":\"Hem\",\"item\":\"https:\\\/\\\/meyenberg.se\\\/en\\\/\"},{\"@type\":\"ListItem\",\"position\":2,\"name\":\"Shop\",\"item\":\"https:\\\/\\\/meyenberg.se\\\/en\\\/shop\\\/\"},{\"@type\":\"ListItem\",\"position\":3,\"name\":\"Soap &amp; Courage\"}]},{\"@type\":\"WebSite\",\"@id\":\"https:\\\/\\\/meyenberg.se\\\/#website\",\"url\":\"https:\\\/\\\/meyenberg.se\\\/\",\"name\":\"MEYENBERG Soap & Scent\",\"description\":\"100% vegan soap. Proudly produced in Marseilles with perfume from Grasse.\",\"publisher\":{\"@id\":\"https:\\\/\\\/meyenberg.se\\\/#organization\"},\"potentialAction\":[{\"@type\":\"SearchAction\",\"target\":{\"@type\":\"EntryPoint\",\"urlTemplate\":\"https:\\\/\\\/meyenberg.se\\\/?s={search_term_string}\"},\"query-input\":{\"@type\":\"PropertyValueSpecification\",\"valueRequired\":true,\"valueName\":\"search_term_string\"}}],\"inLanguage\":\"en-US\"},{\"@type\":\"Organization\",\"@id\":\"https:\\\/\\\/meyenberg.se\\\/#organization\",\"name\":\"MEYENBERG Soap & Scent\",\"url\":\"https:\\\/\\\/meyenberg.se\\\/\",\"logo\":{\"@type\":\"ImageObject\",\"inLanguage\":\"en-US\",\"@id\":\"https:\\\/\\\/meyenberg.se\\\/#\\\/schema\\\/logo\\\/image\\\/\",\"url\":\"https:\\\/\\\/meyenberg.se\\\/wp-content\\\/uploads\\\/2022\\\/06\\\/Meyenberg_logo_circular.png\",\"contentUrl\":\"https:\\\/\\\/meyenberg.se\\\/wp-content\\\/uploads\\\/2022\\\/06\\\/Meyenberg_logo_circular.png\",\"width\":500,\"height\":491,\"caption\":\"MEYENBERG Soap & Scent\"},\"image\":{\"@id\":\"https:\\\/\\\/meyenberg.se\\\/#\\\/schema\\\/logo\\\/image\\\/\"},\"sameAs\":[\"https:\\\/\\\/facebook.com\\\/meyenbergofficial\",\"https:\\\/\\\/instagram.com\\\/meyenbergofficial\"]}]}<\/script>\n<!-- \/ Yoast SEO plugin. -->","yoast_head_json":{"title":"Soap &amp; Courage - MEYENBERG Soap &amp; Scent","robots":{"index":"index","follow":"follow","max-snippet":"max-snippet:-1","max-image-preview":"max-image-preview:large","max-video-preview":"max-video-preview:-1"},"canonical":"https:\/\/meyenberg.se\/en\/produkt\/soap-courage\/","og_locale":"en_US","og_type":"article","og_title":"Soap &amp; Courage - MEYENBERG Soap &amp; Scent","og_description":"500 ml  A soap that combines notes of moss, eucalyptus and the smoky notes of cedar with the herbal and fresh notes of coriander and rhubarb. Balanced fragrance that appeals to women as well as men in its character.  An emollient liquid soap with natural organic ingredients that cleanses and nourishes all skin types. Enriched with organic neroli oil and organic aloe vera with its desirable moisturizing and soothing effect on the skin.   100% vegan  Free from sulfates, parabens and phthalates.  Bottle made from 100% recycled material  Proudly produced in Marseille with perfume from Grasse.","og_url":"https:\/\/meyenberg.se\/en\/produkt\/soap-courage\/","og_site_name":"MEYENBERG Soap &amp; Scent","article_publisher":"https:\/\/facebook.com\/meyenbergofficial","article_modified_time":"2026-01-05T18:15:28+00:00","og_image":[{"width":900,"height":900,"url":"https:\/\/meyenberg.se\/wp-content\/uploads\/2025\/11\/Meyenberg-Soap-Scent-Wild-Moss-Coriander-lila-silkestyg.jpg","type":"image\/jpeg"}],"twitter_card":"summary_large_image","schema":{"@context":"https:\/\/schema.org","@graph":[{"@type":"WebPage","@id":"https:\/\/meyenberg.se\/en\/produkt\/soap-courage\/","url":"https:\/\/meyenberg.se\/en\/produkt\/soap-courage\/","name":"Soap &amp; Courage - MEYENBERG Soap &amp; Scent","isPartOf":{"@id":"https:\/\/meyenberg.se\/#website"},"primaryImageOfPage":{"@id":"https:\/\/meyenberg.se\/en\/produkt\/soap-courage\/#primaryimage"},"image":{"@id":"https:\/\/meyenberg.se\/en\/produkt\/soap-courage\/#primaryimage"},"thumbnailUrl":"https:\/\/meyenberg.se\/wp-content\/uploads\/2025\/11\/Meyenberg-Soap-Scent-Wild-Moss-Coriander-lila-silkestyg.jpg","datePublished":"2021-11-03T08:36:07+00:00","dateModified":"2026-01-05T18:15:28+00:00","breadcrumb":{"@id":"https:\/\/meyenberg.se\/en\/produkt\/soap-courage\/#breadcrumb"},"inLanguage":"en-US","potentialAction":[{"@type":"ReadAction","target":["https:\/\/meyenberg.se\/en\/produkt\/soap-courage\/"]}]},{"@type":"ImageObject","inLanguage":"en-US","@id":"https:\/\/meyenberg.se\/en\/produkt\/soap-courage\/#primaryimage","url":"https:\/\/meyenberg.se\/wp-content\/uploads\/2025\/11\/Meyenberg-Soap-Scent-Wild-Moss-Coriander-lila-silkestyg.jpg","contentUrl":"https:\/\/meyenberg.se\/wp-content\/uploads\/2025\/11\/Meyenberg-Soap-Scent-Wild-Moss-Coriander-lila-silkestyg.jpg","width":900,"height":900,"caption":"Gr\u00f6n flaska med Meyenberg Wild Moss and Coriander handtv\u00e5l p\u00e5 lila tygbakgrund."},{"@type":"BreadcrumbList","@id":"https:\/\/meyenberg.se\/en\/produkt\/soap-courage\/#breadcrumb","itemListElement":[{"@type":"ListItem","position":1,"name":"Hem","item":"https:\/\/meyenberg.se\/en\/"},{"@type":"ListItem","position":2,"name":"Shop","item":"https:\/\/meyenberg.se\/en\/shop\/"},{"@type":"ListItem","position":3,"name":"Soap &amp; Courage"}]},{"@type":"WebSite","@id":"https:\/\/meyenberg.se\/#website","url":"https:\/\/meyenberg.se\/","name":"MEYENBERG Soap & Scent","description":"100% vegan soap. Proudly produced in Marseilles with perfume from Grasse.","publisher":{"@id":"https:\/\/meyenberg.se\/#organization"},"potentialAction":[{"@type":"SearchAction","target":{"@type":"EntryPoint","urlTemplate":"https:\/\/meyenberg.se\/?s={search_term_string}"},"query-input":{"@type":"PropertyValueSpecification","valueRequired":true,"valueName":"search_term_string"}}],"inLanguage":"en-US"},{"@type":"Organization","@id":"https:\/\/meyenberg.se\/#organization","name":"MEYENBERG Soap & Scent","url":"https:\/\/meyenberg.se\/","logo":{"@type":"ImageObject","inLanguage":"en-US","@id":"https:\/\/meyenberg.se\/#\/schema\/logo\/image\/","url":"https:\/\/meyenberg.se\/wp-content\/uploads\/2022\/06\/Meyenberg_logo_circular.png","contentUrl":"https:\/\/meyenberg.se\/wp-content\/uploads\/2022\/06\/Meyenberg_logo_circular.png","width":500,"height":491,"caption":"MEYENBERG Soap & Scent"},"image":{"@id":"https:\/\/meyenberg.se\/#\/schema\/logo\/image\/"},"sameAs":["https:\/\/facebook.com\/meyenbergofficial","https:\/\/instagram.com\/meyenbergofficial"]}]}},"builder_content":"","_links":{"self":[{"href":"https:\/\/meyenberg.se\/en\/wp-json\/wp\/v2\/product\/2113","targetHints":{"allow":["GET"]}}],"collection":[{"href":"https:\/\/meyenberg.se\/en\/wp-json\/wp\/v2\/product"}],"about":[{"href":"https:\/\/meyenberg.se\/en\/wp-json\/wp\/v2\/types\/product"}],"replies":[{"embeddable":true,"href":"https:\/\/meyenberg.se\/en\/wp-json\/wp\/v2\/comments?post=2113"}],"wp:featuredmedia":[{"embeddable":true,"href":"https:\/\/meyenberg.se\/en\/wp-json\/wp\/v2\/media\/4004"}],"wp:attachment":[{"href":"https:\/\/meyenberg.se\/en\/wp-json\/wp\/v2\/media?parent=2113"}],"wp:term":[{"taxonomy":"product_brand","embeddable":true,"href":"https:\/\/meyenberg.se\/en\/wp-json\/wp\/v2\/product_brand?post=2113"},{"taxonomy":"product_cat","embeddable":true,"href":"https:\/\/meyenberg.se\/en\/wp-json\/wp\/v2\/product_cat?post=2113"},{"taxonomy":"product_tag","embeddable":true,"href":"https:\/\/meyenberg.se\/en\/wp-json\/wp\/v2\/product_tag?post=2113"}],"curies":[{"name":"wp","href":"https:\/\/api.w.org\/{rel}","templated":true}]}}