{"id":1956,"date":"2022-06-27T14:37:31","date_gmt":"2022-06-27T14:37:31","guid":{"rendered":"https:\/\/meyenberg.se\/faq\/"},"modified":"2023-12-06T12:55:18","modified_gmt":"2023-12-06T12:55:18","slug":"faq","status":"publish","type":"page","link":"https:\/\/meyenberg.se\/en\/faq\/","title":{"rendered":"FAQ"},"content":{"rendered":"<!--themify_builder_content-->\n<div id=\"themify_builder_content-1956\" data-postid=\"1956\" class=\"themify_builder_content themify_builder_content-1956 themify_builder tf_clear\">\n                    <div  data-lazy=\"1\" class=\"module_row themify_builder_row tb_cd5x946 tb_first tf_w\">\n                        <div class=\"row_inner col_align_top tb_col_count_2 tf_box tf_rel\">\n                        <div  data-lazy=\"1\" class=\"module_column tb-column col3-2 tb_r2ub947 first\">\n                    <!-- module text -->\n<div  class=\"module module-text tb_m751947   \" data-lazy=\"1\">\n        <div  class=\"tb_text_wrap\">\n        <h1>FAQ<\/h1>\n<h3>Where are Meyenberg products made?<\/h3>\n<p>Our products are made a few miles from Marseilles in Provence in the south of France. Fragrances are developed in Grasse.<\/p>\n<h3>Are the products vegan?<\/h3>\n<p>Yes, all our products are 100% vegan.<\/p>\n<h3>Is the packaging made from recycled materials?<\/h3>\n<p>The bottles are made from 100% recycled material. The pumps are made of recyclable thermoplastic. We ask you to recycle both the bottle and the pump again.<\/p>\n<h3>Are the products natural and organic?<\/h3>\n<p>Our soaps are 96.7% natural, and contain no sulphates, parabens, mineral oil or phthalates. The basic recipe of the soaps is organic, the perfumes we add are a mix of safe synthetic perfume ingredients and natural perfumes.<\/p>\n<h3>Do you test on animals?<\/h3>\n<p>No.  \u00a0<\/p>\n<h3>Do your products contain sulphates or parabens?<\/h3>\n<p>No. Our products contain no sulphates, phthalates or parabens.<\/p>\n<h3>How long does the delivery take?<\/h3>\n<p>We send the delivery the same day or the day after we receive your order (excluding weekends and public holidays). Depending on the delivery method and where you live, it takes 2-5 days to receive your order.\u00a0<\/p>\n<h3>Which payment methods can I use to pay?<\/h3>\n<p>We work with Klarna, and you can choose to pay directly, by invoice or in installments. You can also pay by VISA, MasterCard, AmericanExpress or Swish.<\/p>\n<h3>Which countries do you supply?<\/h3>\n<p>At the moment, we only deliver within Sweden. We are working on delivering to the rest of the EU and Norway.<\/p>\n<h3>How do I return a product?<\/h3>\n<p>We have a 30-day return policy, which means you have 30 days to request a return after you receive your product. To be eligible for a return, your item must be in the same condition as you received it. Get in touch with us at\u00a0hello@meyenberg.se\u00a0and we will help you with a return label and refund.<\/p>\n<h3>Do you have another question?<\/h3>\n<p>You can always email us at <a href=\"mailto:hello@meyenberg.se\">hello@meyenberg.se<\/a><\/p>    <\/div>\n<\/div>\n<!-- \/module text -->        <\/div>\n                    <div  data-lazy=\"1\" class=\"module_column tb-column col3-1 tb_6yyh948 last\">\n                            <\/div>\n                        <\/div>\n        <\/div>\n        <\/div>\n<!--\/themify_builder_content-->","protected":false},"excerpt":{"rendered":"<p>FAQ Var tillverkas Meyenbergs produkter? V\u00e5ra produkter tillverkas n\u00e5gra mil fr\u00e5n Marseilles i Provence i s\u00f6dra Frankrike. Dofterna utvecklas i Grasse. \u00c4r produkterna veganska? Ja, alla v\u00e5ra produkter \u00e4r 100% veganska. \u00c4r f\u00f6rpackningarna gjord av \u00e5tervunnet material? Flaskorna \u00e4r gjorda av 100% \u00e5tervunnet material. Pumparna \u00e4r gjorda av \u00e5tervinningsbar termoplast. Vi ber dig \u00e5tervinna b\u00e5de [&hellip;]<\/p>\n","protected":false},"author":1,"featured_media":0,"parent":0,"menu_order":0,"comment_status":"closed","ping_status":"closed","template":"","meta":{"footnotes":""},"class_list":["post-1956","page","type-page","status-publish","hentry","has-post-title","has-post-date","has-post-category","has-post-tag","has-post-comment","has-post-author",""],"yoast_head":"<!-- This site is optimized with the Yoast SEO plugin v27.4 - https:\/\/yoast.com\/product\/yoast-seo-wordpress\/ -->\n<title>FAQ - MEYENBERG Soap &amp; Scent<\/title>\n<meta name=\"robots\" content=\"index, follow, max-snippet:-1, max-image-preview:large, max-video-preview:-1\" \/>\n<link rel=\"canonical\" href=\"https:\/\/meyenberg.se\/en\/faq\/\" \/>\n<meta property=\"og:locale\" content=\"en_US\" \/>\n<meta property=\"og:type\" content=\"article\" \/>\n<meta property=\"og:title\" content=\"FAQ - MEYENBERG Soap &amp; Scent\" \/>\n<meta property=\"og:description\" content=\"FAQ Var tillverkas Meyenbergs produkter? V\u00e5ra produkter tillverkas n\u00e5gra mil fr\u00e5n Marseilles i Provence i s\u00f6dra Frankrike. Dofterna utvecklas i Grasse. \u00c4r produkterna veganska? Ja, alla v\u00e5ra produkter \u00e4r 100% veganska. \u00c4r f\u00f6rpackningarna gjord av \u00e5tervunnet material? Flaskorna \u00e4r gjorda av 100% \u00e5tervunnet material. Pumparna \u00e4r gjorda av \u00e5tervinningsbar termoplast. Vi ber dig \u00e5tervinna b\u00e5de [&hellip;]\" \/>\n<meta property=\"og:url\" content=\"https:\/\/meyenberg.se\/en\/faq\/\" \/>\n<meta property=\"og:site_name\" content=\"MEYENBERG Soap &amp; Scent\" \/>\n<meta property=\"article:publisher\" content=\"https:\/\/facebook.com\/meyenbergofficial\" \/>\n<meta property=\"article:modified_time\" content=\"2023-12-06T12:55:18+00:00\" \/>\n<meta name=\"twitter:card\" content=\"summary_large_image\" \/>\n<meta name=\"twitter:label1\" content=\"Est. reading time\" \/>\n\t<meta name=\"twitter:data1\" content=\"2 minutes\" \/>\n<script type=\"application\/ld+json\" class=\"yoast-schema-graph\">{\"@context\":\"https:\\\/\\\/schema.org\",\"@graph\":[{\"@type\":\"WebPage\",\"@id\":\"https:\\\/\\\/meyenberg.se\\\/en\\\/faq\\\/\",\"url\":\"https:\\\/\\\/meyenberg.se\\\/en\\\/faq\\\/\",\"name\":\"FAQ - MEYENBERG Soap &amp; Scent\",\"isPartOf\":{\"@id\":\"https:\\\/\\\/meyenberg.se\\\/#website\"},\"datePublished\":\"2022-06-27T14:37:31+00:00\",\"dateModified\":\"2023-12-06T12:55:18+00:00\",\"breadcrumb\":{\"@id\":\"https:\\\/\\\/meyenberg.se\\\/en\\\/faq\\\/#breadcrumb\"},\"inLanguage\":\"en-US\",\"potentialAction\":[{\"@type\":\"ReadAction\",\"target\":[\"https:\\\/\\\/meyenberg.se\\\/en\\\/faq\\\/\"]}]},{\"@type\":\"BreadcrumbList\",\"@id\":\"https:\\\/\\\/meyenberg.se\\\/en\\\/faq\\\/#breadcrumb\",\"itemListElement\":[{\"@type\":\"ListItem\",\"position\":1,\"name\":\"Hem\",\"item\":\"https:\\\/\\\/meyenberg.se\\\/en\\\/\"},{\"@type\":\"ListItem\",\"position\":2,\"name\":\"FAQ\"}]},{\"@type\":\"WebSite\",\"@id\":\"https:\\\/\\\/meyenberg.se\\\/#website\",\"url\":\"https:\\\/\\\/meyenberg.se\\\/\",\"name\":\"MEYENBERG Soap & Scent\",\"description\":\"100% vegan soap. Proudly produced in Marseilles with perfume from Grasse.\",\"publisher\":{\"@id\":\"https:\\\/\\\/meyenberg.se\\\/#organization\"},\"potentialAction\":[{\"@type\":\"SearchAction\",\"target\":{\"@type\":\"EntryPoint\",\"urlTemplate\":\"https:\\\/\\\/meyenberg.se\\\/?s={search_term_string}\"},\"query-input\":{\"@type\":\"PropertyValueSpecification\",\"valueRequired\":true,\"valueName\":\"search_term_string\"}}],\"inLanguage\":\"en-US\"},{\"@type\":\"Organization\",\"@id\":\"https:\\\/\\\/meyenberg.se\\\/#organization\",\"name\":\"MEYENBERG Soap & Scent\",\"url\":\"https:\\\/\\\/meyenberg.se\\\/\",\"logo\":{\"@type\":\"ImageObject\",\"inLanguage\":\"en-US\",\"@id\":\"https:\\\/\\\/meyenberg.se\\\/#\\\/schema\\\/logo\\\/image\\\/\",\"url\":\"https:\\\/\\\/meyenberg.se\\\/wp-content\\\/uploads\\\/2022\\\/06\\\/Meyenberg_logo_circular.png\",\"contentUrl\":\"https:\\\/\\\/meyenberg.se\\\/wp-content\\\/uploads\\\/2022\\\/06\\\/Meyenberg_logo_circular.png\",\"width\":500,\"height\":491,\"caption\":\"MEYENBERG Soap & Scent\"},\"image\":{\"@id\":\"https:\\\/\\\/meyenberg.se\\\/#\\\/schema\\\/logo\\\/image\\\/\"},\"sameAs\":[\"https:\\\/\\\/facebook.com\\\/meyenbergofficial\",\"https:\\\/\\\/instagram.com\\\/meyenbergofficial\"]}]}<\/script>\n<!-- \/ Yoast SEO plugin. -->","yoast_head_json":{"title":"FAQ - MEYENBERG Soap &amp; Scent","robots":{"index":"index","follow":"follow","max-snippet":"max-snippet:-1","max-image-preview":"max-image-preview:large","max-video-preview":"max-video-preview:-1"},"canonical":"https:\/\/meyenberg.se\/en\/faq\/","og_locale":"en_US","og_type":"article","og_title":"FAQ - MEYENBERG Soap &amp; Scent","og_description":"FAQ Var tillverkas Meyenbergs produkter? V\u00e5ra produkter tillverkas n\u00e5gra mil fr\u00e5n Marseilles i Provence i s\u00f6dra Frankrike. Dofterna utvecklas i Grasse. \u00c4r produkterna veganska? Ja, alla v\u00e5ra produkter \u00e4r 100% veganska. \u00c4r f\u00f6rpackningarna gjord av \u00e5tervunnet material? Flaskorna \u00e4r gjorda av 100% \u00e5tervunnet material. Pumparna \u00e4r gjorda av \u00e5tervinningsbar termoplast. Vi ber dig \u00e5tervinna b\u00e5de [&hellip;]","og_url":"https:\/\/meyenberg.se\/en\/faq\/","og_site_name":"MEYENBERG Soap &amp; Scent","article_publisher":"https:\/\/facebook.com\/meyenbergofficial","article_modified_time":"2023-12-06T12:55:18+00:00","twitter_card":"summary_large_image","twitter_misc":{"Est. reading time":"2 minutes"},"schema":{"@context":"https:\/\/schema.org","@graph":[{"@type":"WebPage","@id":"https:\/\/meyenberg.se\/en\/faq\/","url":"https:\/\/meyenberg.se\/en\/faq\/","name":"FAQ - MEYENBERG Soap &amp; Scent","isPartOf":{"@id":"https:\/\/meyenberg.se\/#website"},"datePublished":"2022-06-27T14:37:31+00:00","dateModified":"2023-12-06T12:55:18+00:00","breadcrumb":{"@id":"https:\/\/meyenberg.se\/en\/faq\/#breadcrumb"},"inLanguage":"en-US","potentialAction":[{"@type":"ReadAction","target":["https:\/\/meyenberg.se\/en\/faq\/"]}]},{"@type":"BreadcrumbList","@id":"https:\/\/meyenberg.se\/en\/faq\/#breadcrumb","itemListElement":[{"@type":"ListItem","position":1,"name":"Hem","item":"https:\/\/meyenberg.se\/en\/"},{"@type":"ListItem","position":2,"name":"FAQ"}]},{"@type":"WebSite","@id":"https:\/\/meyenberg.se\/#website","url":"https:\/\/meyenberg.se\/","name":"MEYENBERG Soap & Scent","description":"100% vegan soap. Proudly produced in Marseilles with perfume from Grasse.","publisher":{"@id":"https:\/\/meyenberg.se\/#organization"},"potentialAction":[{"@type":"SearchAction","target":{"@type":"EntryPoint","urlTemplate":"https:\/\/meyenberg.se\/?s={search_term_string}"},"query-input":{"@type":"PropertyValueSpecification","valueRequired":true,"valueName":"search_term_string"}}],"inLanguage":"en-US"},{"@type":"Organization","@id":"https:\/\/meyenberg.se\/#organization","name":"MEYENBERG Soap & Scent","url":"https:\/\/meyenberg.se\/","logo":{"@type":"ImageObject","inLanguage":"en-US","@id":"https:\/\/meyenberg.se\/#\/schema\/logo\/image\/","url":"https:\/\/meyenberg.se\/wp-content\/uploads\/2022\/06\/Meyenberg_logo_circular.png","contentUrl":"https:\/\/meyenberg.se\/wp-content\/uploads\/2022\/06\/Meyenberg_logo_circular.png","width":500,"height":491,"caption":"MEYENBERG Soap & Scent"},"image":{"@id":"https:\/\/meyenberg.se\/#\/schema\/logo\/image\/"},"sameAs":["https:\/\/facebook.com\/meyenbergofficial","https:\/\/instagram.com\/meyenbergofficial"]}]}},"builder_content":"<h1>FAQ<\/h1> <h3>Where are Meyenberg products made?<\/h3> <p>Our products are made a few miles from Marseilles in Provence in the south of France. Fragrances are developed in Grasse.<\/p> <h3>Are the products vegan?<\/h3> <p>Yes, all our products are 100% vegan.<\/p> <h3>Is the packaging made from recycled materials?<\/h3> <p>The bottles are made from 100% recycled material. The pumps are made of recyclable thermoplastic. We ask you to recycle both the bottle and the pump again.<\/p> <h3>Are the products natural and organic?<\/h3> <p>Our soaps are 96.7% natural, and contain no sulphates, parabens, mineral oil or phthalates. The basic recipe of the soaps is organic, the perfumes we add are a mix of safe synthetic perfume ingredients and natural perfumes.<\/p> <h3>Do you test on animals?<\/h3> <p>No. \u00a0<\/p> <h3>Do your products contain sulphates or parabens?<\/h3> <p>No. Our products contain no sulphates, phthalates or parabens.<\/p> <h3>How long does the delivery take?<\/h3> <p>We send the delivery the same day or the day after we receive your order (excluding weekends and public holidays). Depending on the delivery method and where you live, it takes 2-5 days to receive your order.\u00a0<\/p> <h3>Which payment methods can I use to pay?<\/h3> <p>We work with Klarna, and you can choose to pay directly, by invoice or in installments. You can also pay by VISA, MasterCard, AmericanExpress or Swish.<\/p> <h3>Which countries do you supply?<\/h3> <p>At the moment, we only deliver within Sweden. We are working on delivering to the rest of the EU and Norway.<\/p> <h3>How do I return a product?<\/h3> <p>We have a 30-day return policy, which means you have 30 days to request a return after you receive your product. To be eligible for a return, your item must be in the same condition as you received it. Get in touch with us at\u00a0hello@meyenberg.se\u00a0and we will help you with a return label and refund.<\/p> <h3>Do you have another question?<\/h3> <p>You can always email us at <a href=\"mailto:hello@meyenberg.se\">hello@meyenberg.se<\/a><\/p>","_links":{"self":[{"href":"https:\/\/meyenberg.se\/en\/wp-json\/wp\/v2\/pages\/1956","targetHints":{"allow":["GET"]}}],"collection":[{"href":"https:\/\/meyenberg.se\/en\/wp-json\/wp\/v2\/pages"}],"about":[{"href":"https:\/\/meyenberg.se\/en\/wp-json\/wp\/v2\/types\/page"}],"author":[{"embeddable":true,"href":"https:\/\/meyenberg.se\/en\/wp-json\/wp\/v2\/users\/1"}],"replies":[{"embeddable":true,"href":"https:\/\/meyenberg.se\/en\/wp-json\/wp\/v2\/comments?post=1956"}],"version-history":[{"count":2,"href":"https:\/\/meyenberg.se\/en\/wp-json\/wp\/v2\/pages\/1956\/revisions"}],"predecessor-version":[{"id":1960,"href":"https:\/\/meyenberg.se\/en\/wp-json\/wp\/v2\/pages\/1956\/revisions\/1960"}],"wp:attachment":[{"href":"https:\/\/meyenberg.se\/en\/wp-json\/wp\/v2\/media?parent=1956"}],"curies":[{"name":"wp","href":"https:\/\/api.w.org\/{rel}","templated":true}]}}