{"id":1921,"date":"2022-05-23T17:15:12","date_gmt":"2022-05-23T17:15:12","guid":{"rendered":"https:\/\/meyenberg.se\/conditions\/"},"modified":"2024-07-15T09:50:49","modified_gmt":"2024-07-15T09:50:49","slug":"conditions","status":"publish","type":"page","link":"https:\/\/meyenberg.se\/en\/conditions\/","title":{"rendered":"Conditions"},"content":{"rendered":"<!--themify_builder_content-->\n<div id=\"themify_builder_content-1921\" data-postid=\"1921\" class=\"themify_builder_content themify_builder_content-1921 themify_builder tf_clear\">\n                    <div  data-lazy=\"1\" class=\"module_row themify_builder_row tb_9bo7644 tb_first tf_w\">\n                        <div class=\"row_inner col_align_top tb_col_count_2 tf_box tf_rel\">\n                        <div  data-lazy=\"1\" class=\"module_column tb-column col3-2 tb_i1qj644 first\">\n                    <!-- module text -->\n<div  class=\"module module-text tb_td1o644   \" data-lazy=\"1\">\n        <div  class=\"tb_text_wrap\">\n        <h1>Conditions<\/h1>\n<h2>Company data<\/h2>\n<p>Company name: Meyenberg Sweden AB&nbsp;<\/p>\n<p>Org. number: 559322-2903<\/p>\n<p>VAT no: SE559322290301<\/p>\n<p>Address: R\u00f6dgatan 44a, 42165 V\u00e4stra Fr\u00f6lunda.<\/p>\n<p>E-mail: <a href=\"mailto:hello@meyenberg.se\">hello@meyenberg.se<\/a><\/p>\n<h2>Order&nbsp;<\/h2>\n<p>All prices are quoted in SEK, NOK or EUR and include VAT applicable at the time of sale. Shipping is included for purchases over 500 SEK.&nbsp;To make a purchase on www.meyenberg.se you must be over 18 years old. By placing an order on meyenberg.se, you agree to the terms and conditions published at the time as set out below and certify that the information you provide about yourself is correct.&nbsp;When you have completed your order, an order confirmation and receipt will be sent to your e-mail address. If there is an error in the order confirmation or if you do not receive one, please contact us at hello@meyenberg.se We recommend that you save the order confirmation to facilitate any future contact with our customer service. The confirmation is also your proof of purchase.<\/p>\n<h2>Payment options<\/h2>\n<p><span style=\"font-size: 1em;\">Qliro is Meyenberg&#8217;s payment provider and handles payment transactions at the checkout. When you choose Swish, you will therefore see that the payee is Q*Meyenberg, which means that Qliro is the recipient of the money for the purchase and handles the payment for Meyenberg. For card payments in Norway, the order amount is reserved at the time of purchase and deducted when the order is shipped from the warehouse. For orders to Norway with vipps as payment method, payment is only made in NOK.<\/span><\/p>\n<h2>Right of withdrawal and complaints<\/h2>\n<p>Under the Distance Contracts Act (according to the Swedish Consumer Agency), private customers have a 14-day right of withdrawal. But at Meyenberg&nbsp; you always have a 30-day right of withdrawal. This means that you as a customer have the right to cancel your purchase&nbsp;within 30 days of receiving the goods. The condition is that the product is in the same condition as you received it&#8230; Opened and \/ or used products are not returned for health and hygiene reasons. When exercising the right of withdrawal\/open purchase, the customer is responsible for the return shipping. To exercise the right of withdrawal, you can email&nbsp;<span style=\"font-size: 1em;\">hello@meyenberg.se.Observera that we&nbsp; must authorize the return before sending back the package.<\/span><\/p>\n<p>You usually have a 3-year right of complaint in Sweden and a 2-year right of complaint in Norway, but you must submit your complaint within 2 months of discovering the defect. Keep in mind that the hand soap has a shelf life of 12 months after opening. Therefore, check the goods directly and get in touch immediately if something is not right or if a package is broken.<\/p>\n<h2>Limitation of liability<\/h2>\n<p>We are not responsible for any indirect damage that may occur due to the product. We do not accept any responsibility for delays\/errors due to circumstances beyond our control (Force Majeure). These circumstances can be, for example, industrial dispute, fire, war, government decision.<\/p>\n<h2>Shipping<\/h2>\n<p>All orders are processed within 1 to 2 working days (excluding weekends and public holidays) after you place your order and receive your order confirmation email.&nbsp;<span style=\"font-size: 1em;\">You will receive a new message when your order has been sent.<\/span><span style=\"font-size: 1em;\">There may be potential delays that are beyond our control. However, we will keep you informed if this happens.<\/span><\/p>\n<h2>Return<\/h2>\n<p>We have a 30-day return policy, which means you have 30 days to request a return after you receive your product. To be eligible for a return, your item must be in the same condition as you received it. Contact us at <a href=\"mailto:hello@meyenberg.se\">hello@meyenberg.se<\/a> and we will help you with the return label and refund.<\/p>\n<h2>Dispute<\/h2>\n<p><span style=\"font-size: medium;\">A dispute is heard by the court established by mandatory law. In the event that a case is reviewed by the General Complaints Board, Meyenberg Sweden AB will follow the Board&#8217;s decision. Alternative Dispute Resolution: The ODR platform will facilitate dispute resolution. The new Online Dispute Resolution (ODR) rule, in the form of a so-called ODR platform, aims to provide consumers and business owners with a judicial remedy for disputes that have arisen in cross-border e-commerce.<\/span><\/p>    <\/div>\n<\/div>\n<!-- \/module text -->        <\/div>\n                    <div  data-lazy=\"1\" class=\"module_column tb-column col3-1 tb_m909644 last\">\n                            <\/div>\n                        <\/div>\n        <\/div>\n        <\/div>\n<!--\/themify_builder_content-->","protected":false},"excerpt":{"rendered":"<p>Conditions Company data Company name: Meyenberg Sweden AB&nbsp; Org. number: 559322-2903 VAT no: SE559322290301 Address: R\u00f6dgatan 44a, 42165 V\u00e4stra Fr\u00f6lunda. E-mail: hello@meyenberg.se Order&nbsp; All prices are quoted in SEK, NOK or EUR and include VAT applicable at the time of sale. Shipping is included for purchases over 500 SEK.&nbsp;To make a purchase on www.meyenberg.se you [&hellip;]<\/p>\n","protected":false},"author":1,"featured_media":0,"parent":0,"menu_order":0,"comment_status":"closed","ping_status":"closed","template":"","meta":{"footnotes":""},"class_list":["post-1921","page","type-page","status-publish","hentry","has-post-title","has-post-date","has-post-category","has-post-tag","has-post-comment","has-post-author",""],"yoast_head":"<!-- This site is optimized with the Yoast SEO plugin v27.4 - https:\/\/yoast.com\/product\/yoast-seo-wordpress\/ -->\n<title>Conditions - MEYENBERG Soap &amp; Scent<\/title>\n<meta name=\"robots\" content=\"index, follow, max-snippet:-1, max-image-preview:large, max-video-preview:-1\" \/>\n<link rel=\"canonical\" href=\"https:\/\/meyenberg.se\/en\/conditions\/\" \/>\n<meta property=\"og:locale\" content=\"en_US\" \/>\n<meta property=\"og:type\" content=\"article\" \/>\n<meta property=\"og:title\" content=\"Conditions - MEYENBERG Soap &amp; Scent\" \/>\n<meta property=\"og:description\" content=\"Conditions Company data Company name: Meyenberg Sweden AB&nbsp; Org. number: 559322-2903 VAT no: SE559322290301 Address: R\u00f6dgatan 44a, 42165 V\u00e4stra Fr\u00f6lunda. E-mail: hello@meyenberg.se Order&nbsp; All prices are quoted in SEK, NOK or EUR and include VAT applicable at the time of sale. Shipping is included for purchases over 500 SEK.&nbsp;To make a purchase on www.meyenberg.se you [&hellip;]\" \/>\n<meta property=\"og:url\" content=\"https:\/\/meyenberg.se\/en\/conditions\/\" \/>\n<meta property=\"og:site_name\" content=\"MEYENBERG Soap &amp; Scent\" \/>\n<meta property=\"article:publisher\" content=\"https:\/\/facebook.com\/meyenbergofficial\" \/>\n<meta property=\"article:modified_time\" content=\"2024-07-15T09:50:49+00:00\" \/>\n<meta name=\"twitter:card\" content=\"summary_large_image\" \/>\n<meta name=\"twitter:label1\" content=\"Est. reading time\" \/>\n\t<meta name=\"twitter:data1\" content=\"4 minutes\" \/>\n<script type=\"application\/ld+json\" class=\"yoast-schema-graph\">{\"@context\":\"https:\\\/\\\/schema.org\",\"@graph\":[{\"@type\":\"WebPage\",\"@id\":\"https:\\\/\\\/meyenberg.se\\\/en\\\/conditions\\\/\",\"url\":\"https:\\\/\\\/meyenberg.se\\\/en\\\/conditions\\\/\",\"name\":\"Conditions - MEYENBERG Soap &amp; Scent\",\"isPartOf\":{\"@id\":\"https:\\\/\\\/meyenberg.se\\\/#website\"},\"datePublished\":\"2022-05-23T17:15:12+00:00\",\"dateModified\":\"2024-07-15T09:50:49+00:00\",\"breadcrumb\":{\"@id\":\"https:\\\/\\\/meyenberg.se\\\/en\\\/conditions\\\/#breadcrumb\"},\"inLanguage\":\"en-US\",\"potentialAction\":[{\"@type\":\"ReadAction\",\"target\":[\"https:\\\/\\\/meyenberg.se\\\/en\\\/conditions\\\/\"]}]},{\"@type\":\"BreadcrumbList\",\"@id\":\"https:\\\/\\\/meyenberg.se\\\/en\\\/conditions\\\/#breadcrumb\",\"itemListElement\":[{\"@type\":\"ListItem\",\"position\":1,\"name\":\"Hem\",\"item\":\"https:\\\/\\\/meyenberg.se\\\/en\\\/\"},{\"@type\":\"ListItem\",\"position\":2,\"name\":\"Conditions\"}]},{\"@type\":\"WebSite\",\"@id\":\"https:\\\/\\\/meyenberg.se\\\/#website\",\"url\":\"https:\\\/\\\/meyenberg.se\\\/\",\"name\":\"MEYENBERG Soap & Scent\",\"description\":\"100% vegan soap. Proudly produced in Marseilles with perfume from Grasse.\",\"publisher\":{\"@id\":\"https:\\\/\\\/meyenberg.se\\\/#organization\"},\"potentialAction\":[{\"@type\":\"SearchAction\",\"target\":{\"@type\":\"EntryPoint\",\"urlTemplate\":\"https:\\\/\\\/meyenberg.se\\\/?s={search_term_string}\"},\"query-input\":{\"@type\":\"PropertyValueSpecification\",\"valueRequired\":true,\"valueName\":\"search_term_string\"}}],\"inLanguage\":\"en-US\"},{\"@type\":\"Organization\",\"@id\":\"https:\\\/\\\/meyenberg.se\\\/#organization\",\"name\":\"MEYENBERG Soap & Scent\",\"url\":\"https:\\\/\\\/meyenberg.se\\\/\",\"logo\":{\"@type\":\"ImageObject\",\"inLanguage\":\"en-US\",\"@id\":\"https:\\\/\\\/meyenberg.se\\\/#\\\/schema\\\/logo\\\/image\\\/\",\"url\":\"https:\\\/\\\/meyenberg.se\\\/wp-content\\\/uploads\\\/2022\\\/06\\\/Meyenberg_logo_circular.png\",\"contentUrl\":\"https:\\\/\\\/meyenberg.se\\\/wp-content\\\/uploads\\\/2022\\\/06\\\/Meyenberg_logo_circular.png\",\"width\":500,\"height\":491,\"caption\":\"MEYENBERG Soap & Scent\"},\"image\":{\"@id\":\"https:\\\/\\\/meyenberg.se\\\/#\\\/schema\\\/logo\\\/image\\\/\"},\"sameAs\":[\"https:\\\/\\\/facebook.com\\\/meyenbergofficial\",\"https:\\\/\\\/instagram.com\\\/meyenbergofficial\"]}]}<\/script>\n<!-- \/ Yoast SEO plugin. -->","yoast_head_json":{"title":"Conditions - MEYENBERG Soap &amp; Scent","robots":{"index":"index","follow":"follow","max-snippet":"max-snippet:-1","max-image-preview":"max-image-preview:large","max-video-preview":"max-video-preview:-1"},"canonical":"https:\/\/meyenberg.se\/en\/conditions\/","og_locale":"en_US","og_type":"article","og_title":"Conditions - MEYENBERG Soap &amp; Scent","og_description":"Conditions Company data Company name: Meyenberg Sweden AB&nbsp; Org. number: 559322-2903 VAT no: SE559322290301 Address: R\u00f6dgatan 44a, 42165 V\u00e4stra Fr\u00f6lunda. E-mail: hello@meyenberg.se Order&nbsp; All prices are quoted in SEK, NOK or EUR and include VAT applicable at the time of sale. Shipping is included for purchases over 500 SEK.&nbsp;To make a purchase on www.meyenberg.se you [&hellip;]","og_url":"https:\/\/meyenberg.se\/en\/conditions\/","og_site_name":"MEYENBERG Soap &amp; Scent","article_publisher":"https:\/\/facebook.com\/meyenbergofficial","article_modified_time":"2024-07-15T09:50:49+00:00","twitter_card":"summary_large_image","twitter_misc":{"Est. reading time":"4 minutes"},"schema":{"@context":"https:\/\/schema.org","@graph":[{"@type":"WebPage","@id":"https:\/\/meyenberg.se\/en\/conditions\/","url":"https:\/\/meyenberg.se\/en\/conditions\/","name":"Conditions - MEYENBERG Soap &amp; Scent","isPartOf":{"@id":"https:\/\/meyenberg.se\/#website"},"datePublished":"2022-05-23T17:15:12+00:00","dateModified":"2024-07-15T09:50:49+00:00","breadcrumb":{"@id":"https:\/\/meyenberg.se\/en\/conditions\/#breadcrumb"},"inLanguage":"en-US","potentialAction":[{"@type":"ReadAction","target":["https:\/\/meyenberg.se\/en\/conditions\/"]}]},{"@type":"BreadcrumbList","@id":"https:\/\/meyenberg.se\/en\/conditions\/#breadcrumb","itemListElement":[{"@type":"ListItem","position":1,"name":"Hem","item":"https:\/\/meyenberg.se\/en\/"},{"@type":"ListItem","position":2,"name":"Conditions"}]},{"@type":"WebSite","@id":"https:\/\/meyenberg.se\/#website","url":"https:\/\/meyenberg.se\/","name":"MEYENBERG Soap & Scent","description":"100% vegan soap. Proudly produced in Marseilles with perfume from Grasse.","publisher":{"@id":"https:\/\/meyenberg.se\/#organization"},"potentialAction":[{"@type":"SearchAction","target":{"@type":"EntryPoint","urlTemplate":"https:\/\/meyenberg.se\/?s={search_term_string}"},"query-input":{"@type":"PropertyValueSpecification","valueRequired":true,"valueName":"search_term_string"}}],"inLanguage":"en-US"},{"@type":"Organization","@id":"https:\/\/meyenberg.se\/#organization","name":"MEYENBERG Soap & Scent","url":"https:\/\/meyenberg.se\/","logo":{"@type":"ImageObject","inLanguage":"en-US","@id":"https:\/\/meyenberg.se\/#\/schema\/logo\/image\/","url":"https:\/\/meyenberg.se\/wp-content\/uploads\/2022\/06\/Meyenberg_logo_circular.png","contentUrl":"https:\/\/meyenberg.se\/wp-content\/uploads\/2022\/06\/Meyenberg_logo_circular.png","width":500,"height":491,"caption":"MEYENBERG Soap & Scent"},"image":{"@id":"https:\/\/meyenberg.se\/#\/schema\/logo\/image\/"},"sameAs":["https:\/\/facebook.com\/meyenbergofficial","https:\/\/instagram.com\/meyenbergofficial"]}]}},"builder_content":"<h1>Conditions<\/h1> <h2>Company data<\/h2> <p>Company name: Meyenberg Sweden AB&nbsp;<\/p> <p>Org. number: 559322-2903<\/p> <p>VAT no: SE559322290301<\/p> <p>Address: R\u00f6dgatan 44a, 42165 V\u00e4stra Fr\u00f6lunda.<\/p> <p>E-mail: <a href=\"mailto:hello@meyenberg.se\">hello@meyenberg.se<\/a><\/p> <h2>Order&nbsp;<\/h2> <p>All prices are quoted in SEK, NOK or EUR and include VAT applicable at the time of sale. Shipping is included for purchases over 500 SEK.&nbsp;To make a purchase on www.meyenberg.se you must be over 18 years old. By placing an order on meyenberg.se, you agree to the terms and conditions published at the time as set out below and certify that the information you provide about yourself is correct.&nbsp;When you have completed your order, an order confirmation and receipt will be sent to your e-mail address. If there is an error in the order confirmation or if you do not receive one, please contact us at hello@meyenberg.se We recommend that you save the order confirmation to facilitate any future contact with our customer service. The confirmation is also your proof of purchase.<\/p> <h2>Payment options<\/h2> <p>Qliro is Meyenberg's payment provider and handles payment transactions at the checkout. When you choose Swish, you will therefore see that the payee is Q*Meyenberg, which means that Qliro is the recipient of the money for the purchase and handles the payment for Meyenberg. For card payments in Norway, the order amount is reserved at the time of purchase and deducted when the order is shipped from the warehouse. For orders to Norway with vipps as payment method, payment is only made in NOK.<\/p> <h2>Right of withdrawal and complaints<\/h2> <p>Under the Distance Contracts Act (according to the Swedish Consumer Agency), private customers have a 14-day right of withdrawal. But at Meyenberg&nbsp; you always have a 30-day right of withdrawal. This means that you as a customer have the right to cancel your purchase&nbsp;within 30 days of receiving the goods. The condition is that the product is in the same condition as you received it... Opened and \/ or used products are not returned for health and hygiene reasons. When exercising the right of withdrawal\/open purchase, the customer is responsible for the return shipping. To exercise the right of withdrawal, you can email&nbsp;hello@meyenberg.se.Observera that we&nbsp; must authorize the return before sending back the package.<\/p> <p>You usually have a 3-year right of complaint in Sweden and a 2-year right of complaint in Norway, but you must submit your complaint within 2 months of discovering the defect. Keep in mind that the hand soap has a shelf life of 12 months after opening. Therefore, check the goods directly and get in touch immediately if something is not right or if a package is broken.<\/p> <h2>Limitation of liability<\/h2> <p>We are not responsible for any indirect damage that may occur due to the product. We do not accept any responsibility for delays\/errors due to circumstances beyond our control (Force Majeure). These circumstances can be, for example, industrial dispute, fire, war, government decision.<\/p> <h2>Shipping<\/h2> <p>All orders are processed within 1 to 2 working days (excluding weekends and public holidays) after you place your order and receive your order confirmation email.&nbsp;You will receive a new message when your order has been sent.There may be potential delays that are beyond our control. However, we will keep you informed if this happens.<\/p> <h2>Return<\/h2> <p>We have a 30-day return policy, which means you have 30 days to request a return after you receive your product. To be eligible for a return, your item must be in the same condition as you received it. Contact us at <a href=\"mailto:hello@meyenberg.se\">hello@meyenberg.se<\/a> and we will help you with the return label and refund.<\/p> <h2>Dispute<\/h2> <p>A dispute is heard by the court established by mandatory law. In the event that a case is reviewed by the General Complaints Board, Meyenberg Sweden AB will follow the Board's decision. Alternative Dispute Resolution: The ODR platform will facilitate dispute resolution. The new Online Dispute Resolution (ODR) rule, in the form of a so-called ODR platform, aims to provide consumers and business owners with a judicial remedy for disputes that have arisen in cross-border e-commerce.<\/p>","_links":{"self":[{"href":"https:\/\/meyenberg.se\/en\/wp-json\/wp\/v2\/pages\/1921","targetHints":{"allow":["GET"]}}],"collection":[{"href":"https:\/\/meyenberg.se\/en\/wp-json\/wp\/v2\/pages"}],"about":[{"href":"https:\/\/meyenberg.se\/en\/wp-json\/wp\/v2\/types\/page"}],"author":[{"embeddable":true,"href":"https:\/\/meyenberg.se\/en\/wp-json\/wp\/v2\/users\/1"}],"replies":[{"embeddable":true,"href":"https:\/\/meyenberg.se\/en\/wp-json\/wp\/v2\/comments?post=1921"}],"version-history":[{"count":16,"href":"https:\/\/meyenberg.se\/en\/wp-json\/wp\/v2\/pages\/1921\/revisions"}],"predecessor-version":[{"id":2439,"href":"https:\/\/meyenberg.se\/en\/wp-json\/wp\/v2\/pages\/1921\/revisions\/2439"}],"wp:attachment":[{"href":"https:\/\/meyenberg.se\/en\/wp-json\/wp\/v2\/media?parent=1921"}],"curies":[{"name":"wp","href":"https:\/\/api.w.org\/{rel}","templated":true}]}}