{"id":1904,"date":"2022-05-23T17:19:07","date_gmt":"2022-05-23T17:19:07","guid":{"rendered":"https:\/\/meyenberg.se\/privacy-policy\/"},"modified":"2023-12-06T12:55:08","modified_gmt":"2023-12-06T12:55:08","slug":"privacy-policy","status":"publish","type":"page","link":"https:\/\/meyenberg.se\/en\/privacy-policy\/","title":{"rendered":"Privacy policy"},"content":{"rendered":"<!--themify_builder_content-->\n<div id=\"themify_builder_content-1904\" data-postid=\"1904\" class=\"themify_builder_content themify_builder_content-1904 themify_builder tf_clear\">\n                    <div  data-lazy=\"1\" class=\"module_row themify_builder_row tb_zkem397 tb_first tf_w\">\n                        <div class=\"row_inner col_align_top tb_col_count_2 tf_box tf_rel\">\n                        <div  data-lazy=\"1\" class=\"module_column tb-column col3-2 tb_i5ov397 first\">\n                    <!-- module text -->\n<div  class=\"module module-text tb_blne684    hide-tablet hide-mobile\" data-lazy=\"1\">\n        <div  class=\"tb_text_wrap\">\n        <h1>Privacy policy<\/h1>    <\/div>\n<\/div>\n<!-- \/module text --><!-- module text -->\n<div  class=\"module module-text tb_q3zc946    hide-desktop hide-tablet_landscape\" data-lazy=\"1\">\n        <div  class=\"tb_text_wrap\">\n        <h1>Privacy policy<\/h1>    <\/div>\n<\/div>\n<!-- \/module text --><!-- module text -->\n<div  class=\"module module-text tb_7fa9397   \" data-lazy=\"1\">\n        <div  class=\"tb_text_wrap\">\n        <h2>GDPR<\/h2>\n<p>Meyenberg AB respects your privacy and complies with the GDPR, the General Data Protection Regulation, and is responsible for the processing of personal data provided to us. We can only provide ordered products and communications to you if you provide us with personal contact details, such as your name, address, date of birth, email address, or phone number. This information is collected from www.meyenberg.se  <\/p>\n<p>We use the information you provide to provide you with the best service for the purposes described below:<\/p>\n<ul>\n<li>Order and transaction fulfilment<\/li>\n<li>Marketing our products and content<\/li>\n<li>Customer care<\/li>\n<li>Shipping and returns<\/li>\n<li>Provide, adapt and improve our services<\/li>\n<\/ul>\n<p>We never sell personally identifiable information to third parties.<\/p>\n<p>If you do <strong>not<\/strong> wish to receive the newsletter, you can notify your withdrawal via the newsletter or send an email to <a href=\"mailto:hello@meyenberg.se\">hello@meyenberg.se<\/a> and we will remove you from future mailings.<\/p>\n<h2>Cookies<\/h2>\n<p>This website uses cookies, which is common on almost all professional websites. Cookies are small files that are downloaded to your computer to improve your experience. We use cookies for various reasons, related to order management, newsletters and website preferences. It is recommended that you leave on all cookies if you are unsure whether you need them or not in case they are used to provide a service that you use. In some cases, we also use cookies from trusted third parties, such as providers of external services like web traffic analysis services. We also use social media buttons that allow you to connect to your social network in different ways.<\/p>\n<p>You can change the setting of cookies in your browser (see your browser&#8217;s help for how to do this). Be aware that disabling cookies will affect the functionality of this and many other websites you visit. Therefore, it is recommended that you do not disable cookies.<\/p>\n<p>Hopefully that has clarified things for you and if there is something that you are not sure whether you need or not, it is usually safer to leave cookies enabled if it interacts with any of the features you use on our site. But if you are still looking for more information send us an email at <a href=\"mailto:hello@meyenberg.se\">hello@meyenberg.se<\/a>.<\/p>    <\/div>\n<\/div>\n<!-- \/module text -->        <\/div>\n                    <div  data-lazy=\"1\" class=\"module_column tb-column col3-1 tb_k51z397 last\">\n                            <\/div>\n                        <\/div>\n        <\/div>\n        <\/div>\n<!--\/themify_builder_content-->","protected":false},"excerpt":{"rendered":"<p>Integritetspolicy Integritets-policy GDPR Meyenberg AB respekterar din integritet och f\u00f6ljer GDPR, dataskyddsf\u00f6rordningen, och \u00e4r ansvariga\u00a0 f\u00f6r behandlingen av personuppgifter som l\u00e4mnas till oss. Vi kan endast tillhandah\u00e5lla best\u00e4llda produkter och kommunikation till dig om du ger oss personliga kontaktuppgifter, s\u00e5som ditt namn, adress, f\u00f6delsedatum, e-postadress, eller telefonnummer. Denna information samlas in fr\u00e5n www.meyenberg.se \u00a0 Vi [&hellip;]<\/p>\n","protected":false},"author":1,"featured_media":0,"parent":0,"menu_order":0,"comment_status":"closed","ping_status":"closed","template":"","meta":{"footnotes":""},"class_list":["post-1904","page","type-page","status-publish","hentry","has-post-title","has-post-date","has-post-category","has-post-tag","has-post-comment","has-post-author",""],"yoast_head":"<!-- This site is optimized with the Yoast SEO plugin v27.4 - https:\/\/yoast.com\/product\/yoast-seo-wordpress\/ -->\n<title>Privacy policy - MEYENBERG Soap &amp; Scent<\/title>\n<meta name=\"robots\" content=\"index, follow, max-snippet:-1, max-image-preview:large, max-video-preview:-1\" \/>\n<link rel=\"canonical\" href=\"https:\/\/meyenberg.se\/en\/privacy-policy\/\" \/>\n<meta property=\"og:locale\" content=\"en_US\" \/>\n<meta property=\"og:type\" content=\"article\" \/>\n<meta property=\"og:title\" content=\"Privacy policy - MEYENBERG Soap &amp; Scent\" \/>\n<meta property=\"og:description\" content=\"Integritetspolicy Integritets-policy GDPR Meyenberg AB respekterar din integritet och f\u00f6ljer GDPR, dataskyddsf\u00f6rordningen, och \u00e4r ansvariga\u00a0 f\u00f6r behandlingen av personuppgifter som l\u00e4mnas till oss. Vi kan endast tillhandah\u00e5lla best\u00e4llda produkter och kommunikation till dig om du ger oss personliga kontaktuppgifter, s\u00e5som ditt namn, adress, f\u00f6delsedatum, e-postadress, eller telefonnummer. Denna information samlas in fr\u00e5n www.meyenberg.se \u00a0 Vi [&hellip;]\" \/>\n<meta property=\"og:url\" content=\"https:\/\/meyenberg.se\/en\/privacy-policy\/\" \/>\n<meta property=\"og:site_name\" content=\"MEYENBERG Soap &amp; Scent\" \/>\n<meta property=\"article:publisher\" content=\"https:\/\/facebook.com\/meyenbergofficial\" \/>\n<meta property=\"article:modified_time\" content=\"2023-12-06T12:55:08+00:00\" \/>\n<meta name=\"twitter:card\" content=\"summary_large_image\" \/>\n<meta name=\"twitter:label1\" content=\"Est. reading time\" \/>\n\t<meta name=\"twitter:data1\" content=\"2 minutes\" \/>\n<script type=\"application\/ld+json\" class=\"yoast-schema-graph\">{\"@context\":\"https:\\\/\\\/schema.org\",\"@graph\":[{\"@type\":\"WebPage\",\"@id\":\"https:\\\/\\\/meyenberg.se\\\/en\\\/privacy-policy\\\/\",\"url\":\"https:\\\/\\\/meyenberg.se\\\/en\\\/privacy-policy\\\/\",\"name\":\"Privacy policy - MEYENBERG Soap &amp; Scent\",\"isPartOf\":{\"@id\":\"https:\\\/\\\/meyenberg.se\\\/#website\"},\"datePublished\":\"2022-05-23T17:19:07+00:00\",\"dateModified\":\"2023-12-06T12:55:08+00:00\",\"breadcrumb\":{\"@id\":\"https:\\\/\\\/meyenberg.se\\\/en\\\/privacy-policy\\\/#breadcrumb\"},\"inLanguage\":\"en-US\",\"potentialAction\":[{\"@type\":\"ReadAction\",\"target\":[\"https:\\\/\\\/meyenberg.se\\\/en\\\/privacy-policy\\\/\"]}]},{\"@type\":\"BreadcrumbList\",\"@id\":\"https:\\\/\\\/meyenberg.se\\\/en\\\/privacy-policy\\\/#breadcrumb\",\"itemListElement\":[{\"@type\":\"ListItem\",\"position\":1,\"name\":\"Hem\",\"item\":\"https:\\\/\\\/meyenberg.se\\\/en\\\/\"},{\"@type\":\"ListItem\",\"position\":2,\"name\":\"Privacy policy\"}]},{\"@type\":\"WebSite\",\"@id\":\"https:\\\/\\\/meyenberg.se\\\/#website\",\"url\":\"https:\\\/\\\/meyenberg.se\\\/\",\"name\":\"MEYENBERG Soap & Scent\",\"description\":\"100% vegan soap. Proudly produced in Marseilles with perfume from Grasse.\",\"publisher\":{\"@id\":\"https:\\\/\\\/meyenberg.se\\\/#organization\"},\"potentialAction\":[{\"@type\":\"SearchAction\",\"target\":{\"@type\":\"EntryPoint\",\"urlTemplate\":\"https:\\\/\\\/meyenberg.se\\\/?s={search_term_string}\"},\"query-input\":{\"@type\":\"PropertyValueSpecification\",\"valueRequired\":true,\"valueName\":\"search_term_string\"}}],\"inLanguage\":\"en-US\"},{\"@type\":\"Organization\",\"@id\":\"https:\\\/\\\/meyenberg.se\\\/#organization\",\"name\":\"MEYENBERG Soap & Scent\",\"url\":\"https:\\\/\\\/meyenberg.se\\\/\",\"logo\":{\"@type\":\"ImageObject\",\"inLanguage\":\"en-US\",\"@id\":\"https:\\\/\\\/meyenberg.se\\\/#\\\/schema\\\/logo\\\/image\\\/\",\"url\":\"https:\\\/\\\/meyenberg.se\\\/wp-content\\\/uploads\\\/2022\\\/06\\\/Meyenberg_logo_circular.png\",\"contentUrl\":\"https:\\\/\\\/meyenberg.se\\\/wp-content\\\/uploads\\\/2022\\\/06\\\/Meyenberg_logo_circular.png\",\"width\":500,\"height\":491,\"caption\":\"MEYENBERG Soap & Scent\"},\"image\":{\"@id\":\"https:\\\/\\\/meyenberg.se\\\/#\\\/schema\\\/logo\\\/image\\\/\"},\"sameAs\":[\"https:\\\/\\\/facebook.com\\\/meyenbergofficial\",\"https:\\\/\\\/instagram.com\\\/meyenbergofficial\"]}]}<\/script>\n<!-- \/ Yoast SEO plugin. -->","yoast_head_json":{"title":"Privacy policy - MEYENBERG Soap &amp; Scent","robots":{"index":"index","follow":"follow","max-snippet":"max-snippet:-1","max-image-preview":"max-image-preview:large","max-video-preview":"max-video-preview:-1"},"canonical":"https:\/\/meyenberg.se\/en\/privacy-policy\/","og_locale":"en_US","og_type":"article","og_title":"Privacy policy - MEYENBERG Soap &amp; Scent","og_description":"Integritetspolicy Integritets-policy GDPR Meyenberg AB respekterar din integritet och f\u00f6ljer GDPR, dataskyddsf\u00f6rordningen, och \u00e4r ansvariga\u00a0 f\u00f6r behandlingen av personuppgifter som l\u00e4mnas till oss. Vi kan endast tillhandah\u00e5lla best\u00e4llda produkter och kommunikation till dig om du ger oss personliga kontaktuppgifter, s\u00e5som ditt namn, adress, f\u00f6delsedatum, e-postadress, eller telefonnummer. Denna information samlas in fr\u00e5n www.meyenberg.se \u00a0 Vi [&hellip;]","og_url":"https:\/\/meyenberg.se\/en\/privacy-policy\/","og_site_name":"MEYENBERG Soap &amp; Scent","article_publisher":"https:\/\/facebook.com\/meyenbergofficial","article_modified_time":"2023-12-06T12:55:08+00:00","twitter_card":"summary_large_image","twitter_misc":{"Est. reading time":"2 minutes"},"schema":{"@context":"https:\/\/schema.org","@graph":[{"@type":"WebPage","@id":"https:\/\/meyenberg.se\/en\/privacy-policy\/","url":"https:\/\/meyenberg.se\/en\/privacy-policy\/","name":"Privacy policy - MEYENBERG Soap &amp; Scent","isPartOf":{"@id":"https:\/\/meyenberg.se\/#website"},"datePublished":"2022-05-23T17:19:07+00:00","dateModified":"2023-12-06T12:55:08+00:00","breadcrumb":{"@id":"https:\/\/meyenberg.se\/en\/privacy-policy\/#breadcrumb"},"inLanguage":"en-US","potentialAction":[{"@type":"ReadAction","target":["https:\/\/meyenberg.se\/en\/privacy-policy\/"]}]},{"@type":"BreadcrumbList","@id":"https:\/\/meyenberg.se\/en\/privacy-policy\/#breadcrumb","itemListElement":[{"@type":"ListItem","position":1,"name":"Hem","item":"https:\/\/meyenberg.se\/en\/"},{"@type":"ListItem","position":2,"name":"Privacy policy"}]},{"@type":"WebSite","@id":"https:\/\/meyenberg.se\/#website","url":"https:\/\/meyenberg.se\/","name":"MEYENBERG Soap & Scent","description":"100% vegan soap. Proudly produced in Marseilles with perfume from Grasse.","publisher":{"@id":"https:\/\/meyenberg.se\/#organization"},"potentialAction":[{"@type":"SearchAction","target":{"@type":"EntryPoint","urlTemplate":"https:\/\/meyenberg.se\/?s={search_term_string}"},"query-input":{"@type":"PropertyValueSpecification","valueRequired":true,"valueName":"search_term_string"}}],"inLanguage":"en-US"},{"@type":"Organization","@id":"https:\/\/meyenberg.se\/#organization","name":"MEYENBERG Soap & Scent","url":"https:\/\/meyenberg.se\/","logo":{"@type":"ImageObject","inLanguage":"en-US","@id":"https:\/\/meyenberg.se\/#\/schema\/logo\/image\/","url":"https:\/\/meyenberg.se\/wp-content\/uploads\/2022\/06\/Meyenberg_logo_circular.png","contentUrl":"https:\/\/meyenberg.se\/wp-content\/uploads\/2022\/06\/Meyenberg_logo_circular.png","width":500,"height":491,"caption":"MEYENBERG Soap & Scent"},"image":{"@id":"https:\/\/meyenberg.se\/#\/schema\/logo\/image\/"},"sameAs":["https:\/\/facebook.com\/meyenbergofficial","https:\/\/instagram.com\/meyenbergofficial"]}]}},"builder_content":"<h1>Privacy policy<\/h1>\n<h1>Privacy policy<\/h1>\n<h2>GDPR<\/h2> <p>Meyenberg AB respects your privacy and complies with the GDPR, the General Data Protection Regulation, and is responsible for the processing of personal data provided to us. We can only provide ordered products and communications to you if you provide us with personal contact details, such as your name, address, date of birth, email address, or phone number. This information is collected from www.meyenberg.se <\/p> <p>We use the information you provide to provide you with the best service for the purposes described below:<\/p> <ul> <li>Order and transaction fulfilment<\/li> <li>Marketing our products and content<\/li> <li>Customer care<\/li> <li>Shipping and returns<\/li> <li>Provide, adapt and improve our services<\/li> <\/ul> <p>We never sell personally identifiable information to third parties.<\/p> <p>If you do <strong>not<\/strong> wish to receive the newsletter, you can notify your withdrawal via the newsletter or send an email to <a href=\"mailto:hello@meyenberg.se\">hello@meyenberg.se<\/a> and we will remove you from future mailings.<\/p> <h2>Cookies<\/h2> <p>This website uses cookies, which is common on almost all professional websites. Cookies are small files that are downloaded to your computer to improve your experience. We use cookies for various reasons, related to order management, newsletters and website preferences. It is recommended that you leave on all cookies if you are unsure whether you need them or not in case they are used to provide a service that you use. In some cases, we also use cookies from trusted third parties, such as providers of external services like web traffic analysis services. We also use social media buttons that allow you to connect to your social network in different ways.<\/p> <p>You can change the setting of cookies in your browser (see your browser's help for how to do this). Be aware that disabling cookies will affect the functionality of this and many other websites you visit. Therefore, it is recommended that you do not disable cookies.<\/p> <p>Hopefully that has clarified things for you and if there is something that you are not sure whether you need or not, it is usually safer to leave cookies enabled if it interacts with any of the features you use on our site. But if you are still looking for more information send us an email at <a href=\"mailto:hello@meyenberg.se\">hello@meyenberg.se<\/a>.<\/p>","_links":{"self":[{"href":"https:\/\/meyenberg.se\/en\/wp-json\/wp\/v2\/pages\/1904","targetHints":{"allow":["GET"]}}],"collection":[{"href":"https:\/\/meyenberg.se\/en\/wp-json\/wp\/v2\/pages"}],"about":[{"href":"https:\/\/meyenberg.se\/en\/wp-json\/wp\/v2\/types\/page"}],"author":[{"embeddable":true,"href":"https:\/\/meyenberg.se\/en\/wp-json\/wp\/v2\/users\/1"}],"replies":[{"embeddable":true,"href":"https:\/\/meyenberg.se\/en\/wp-json\/wp\/v2\/comments?post=1904"}],"version-history":[{"count":2,"href":"https:\/\/meyenberg.se\/en\/wp-json\/wp\/v2\/pages\/1904\/revisions"}],"predecessor-version":[{"id":1913,"href":"https:\/\/meyenberg.se\/en\/wp-json\/wp\/v2\/pages\/1904\/revisions\/1913"}],"wp:attachment":[{"href":"https:\/\/meyenberg.se\/en\/wp-json\/wp\/v2\/media?parent=1904"}],"curies":[{"name":"wp","href":"https:\/\/api.w.org\/{rel}","templated":true}]}}