{"id":1902,"date":"2022-05-23T17:05:13","date_gmt":"2022-05-23T17:05:13","guid":{"rendered":"https:\/\/meyenberg.se\/retailers\/"},"modified":"2023-12-06T14:13:15","modified_gmt":"2023-12-06T14:13:15","slug":"retailers","status":"publish","type":"page","link":"https:\/\/meyenberg.se\/en\/retailers\/","title":{"rendered":"Retailers"},"content":{"rendered":"<!--themify_builder_content-->\n<div id=\"themify_builder_content-1902\" data-postid=\"1902\" class=\"themify_builder_content themify_builder_content-1902 themify_builder tf_clear\">\n                    <div  data-lazy=\"1\" class=\"module_row themify_builder_row tb_4i97306 tb_first tf_w\">\n                        <div class=\"row_inner col_align_top tb_col_count_2 tf_box tf_rel\">\n                        <div  data-lazy=\"1\" class=\"module_column tb-column col3-2 tb_1116307 first\">\n                    <!-- module text -->\n<div  class=\"module module-text tb_pu4d307    hide-tablet hide-mobile\" data-lazy=\"1\">\n        <div  class=\"tb_text_wrap\">\n        <h1>Become a retailer<\/h1>    <\/div>\n<\/div>\n<!-- \/module text --><!-- module text -->\n<div  class=\"module module-text tb_d17v657    hide-desktop hide-tablet_landscape\" data-lazy=\"1\">\n        <div  class=\"tb_text_wrap\">\n        <h1>Re-sellers<\/h1>    <\/div>\n<\/div>\n<!-- \/module text --><!-- module text -->\n<div  class=\"module module-text tb_3051765   \" data-lazy=\"1\">\n        <div  class=\"tb_text_wrap\">\n        <p>We are looking for selected awesome retailers, such as desirable lifestyle and interior design stores, unique hotels and other fine establishments. If the description fits your business, please fill in the form below and we will contact you!<\/p>\n<p><a href=\"mailto:hello@meyenberg.se\">hello@meyenberg.se<\/a><\/p>    <\/div>\n<\/div>\n<!-- \/module text --><!-- module contact -->\n<div  id=\"tb_5zmf304\" class=\"module module-contact tb_5zmf304 contact-style1 \" data-lazy=\"1\">\n    \n\t<form class=\"builder-contact\"\n\t\tid=\"tb_5zmf304-form\"\n\t\tmethod=\"post\"\n\t\tdata-post-id=\"1902\"\n\t\tdata-element-id=\"5zmf304\"\n\t\tdata-orig-id=\"1902\"\n\t>\n    <div class=\"contact-message\"><\/div>\n\t<input type=\"hidden\" id=\"bc_nonce\" name=\"bc_nonce\" value=\"cf46a7f8c8\" \/><input type=\"hidden\" name=\"_wp_http_referer\" value=\"\/en\/wp-json\/wp\/v2\/pages\/1902\" \/>\t<div class=\"builder-contact-fields tf_rel\">\n\t\t    \t\t    \t\t    <div class=\"builder-contact-field builder-contact-field-extra builder-contact-text-field\">\n\t\t\t\t\n\t\t\t\t<label class=\"control-label\" for=\"field_extra_tb_5zmf304_0\">\n\t\t\t\t\t\n\t\t\t\t\tF\u00f6retagsnamn\t\t\t\t\t\t\t\t\t\t\t<input type=\"hidden\" name=\"field_extra_name_0\" value=\"F\u00f6retagsnamn\">\n\t\t\t\t\t\t\t\t\t<\/label>\n\t\t\t\t<div class=\"control-input tf_rel\">\n\t\t\t\t\t\t\t\t\t\t\t<input type=\"text\" name=\"field_extra_0\" id=\"field_extra_tb_5zmf304_0\" placeholder=\"\" class=\"form-control\">\n\t\t\t\t\t\n\t\t\t\t\t\t\t\t\t<\/div>\n\t\t    <\/div>\n\t    \n\t\t    \t\t    <div class=\"builder-contact-field builder-contact-field-name builder-contact-text-field\">\n\t\t\t    <label class=\"control-label\" for=\"tb_5zmf304-contact-name\">\n\t\t\t\t\t\t\t\t\t\t<span class=\"tb-label-span\">Your name <\/span><span class=\"required\">*<\/span>\t\t\t\t<\/label>\n\t\t\t    <div class=\"control-input tf_rel\">\n\t\t\t\t    \t\t\t\t\t    <input type=\"text\" name=\"contact-name\" placeholder=\"\" id=\"tb_5zmf304-contact-name\" value=\"\" class=\"form-control\" required>\n\t\t\t\t    \t\t\t\t    \t\t\t    <\/div>\n\t\t<\/div>\n\t    \n\t\t    \t\t    <div class=\"builder-contact-field builder-contact-field-email builder-contact-text-field\">\n\t\t\t    <label class=\"control-label\" for=\"tb_5zmf304-contact-email\">\n\t\t\t\t\t\t\t\t\t\t<span class=\"tb-label-span\">Your e-mail address <\/span><span class=\"required\">*<\/span>\t\t\t\t<\/label>\n\t\t\t    <div class=\"control-input tf_rel\">\n\t\t\t\t    \t\t\t\t\t    <input type=\"email\" name=\"contact-email\" placeholder=\"\" id=\"tb_5zmf304-contact-email\" value=\"\" class=\"form-control\" required>\n\t\t\t\t    \t\t\t\t    \t\t\t    <\/div>\n\t\t<\/div>\n\t    \n\t\t    \t\t    \t\t    <div class=\"builder-contact-field builder-contact-field-extra builder-contact-text-field\">\n\t\t\t\t\n\t\t\t\t<label class=\"control-label\" for=\"field_extra_tb_5zmf304_1\">\n\t\t\t\t\t\n\t\t\t\t\tDitt telefonnummer\t\t\t\t\t\t\t\t\t\t\t<input type=\"hidden\" name=\"field_extra_name_1\" value=\"Ditt telefonnummer\">\n\t\t\t\t\t\t\t\t\t<\/label>\n\t\t\t\t<div class=\"control-input tf_rel\">\n\t\t\t\t\t\t\t\t\t\t\t<input type=\"text\" name=\"field_extra_1\" id=\"field_extra_tb_5zmf304_1\" placeholder=\"\" class=\"form-control\">\n\t\t\t\t\t\n\t\t\t\t\t\t\t\t\t<\/div>\n\t\t    <\/div>\n\t    \n\t\t    \t\t    \t\t    <div class=\"builder-contact-field builder-contact-field-extra builder-contact-text-field\">\n\t\t\t\t\n\t\t\t\t<label class=\"control-label\" for=\"field_extra_tb_5zmf304_2\">\n\t\t\t\t\t\n\t\t\t\t\tWebbadress\t\t\t\t\t\t\t\t\t\t\t<input type=\"hidden\" name=\"field_extra_name_2\" value=\"Webbadress\">\n\t\t\t\t\t\t\t\t\t<\/label>\n\t\t\t\t<div class=\"control-input tf_rel\">\n\t\t\t\t\t\t\t\t\t\t\t<input type=\"text\" name=\"field_extra_2\" id=\"field_extra_tb_5zmf304_2\" placeholder=\"\" class=\"form-control\">\n\t\t\t\t\t\n\t\t\t\t\t\t\t\t\t<\/div>\n\t\t    <\/div>\n\t    \n\t\t    \t\t    <div class=\"builder-contact-field builder-contact-field-message builder-contact-textarea-field\">\n\t\t\t    <label class=\"control-label\" for=\"tb_5zmf304-contact-message\">\n\t\t\t\t\t\t\t\t\t\t<span class=\"tb-label-span\">Message <\/span>\t\t\t\t<\/label>\n\t\t\t    <div class=\"control-input tf_rel\">\n\t\t\t\t    \t\t\t\t\t    <textarea name=\"contact-message\" placeholder=\"\" id=\"tb_5zmf304-contact-message\" class=\"form-control\"><\/textarea>\n\t\t\t\t    \t\t\t\t    \t\t\t    <\/div>\n\t\t<\/div>\n\t    \n\t\t    \t\t<div class=\"builder-contact-field builder-contact-field-sendcopy\">\n\t\t    <div class=\"control-label\">\n\t\t\t\t<div class=\"control-input tf_rel\">\n\t\t\t\t\t<label class=\"send-copy\">\n\t\t\t\t\t\t<input type=\"checkbox\" name=\"contact-sendcopy\" id=\"tb_5zmf304-sendcopy\" value=\"1\">\n\t\t\t\t\t\t<span>Send a copy to myself<\/span>\n\t\t\t\t\t<\/label>\n\t\t\t\t<\/div>\n\t\t    <\/div>\n\t\t<\/div>\n\t    \t\t\n\t\t\t\t\t<div class=\"builder-contact-field builder-contact-field-gdpr\">\n\t\t\t\t<div class=\"control-label\">\n\t\t\t\t\t<div class=\"control-input tf_rel\">\n\t\t\t\t\t\t<label class=\"field-gdpr\">\n\t\t\t\t\t\t\t<input type=\"checkbox\" name=\"gdpr\" value=\"1\" required>\n\t\t\t\t\t\t\t<span>I consent to my submitted data being collected and stored<\/span>\n\t\t\t\t\t\t\t<span class=\"required\">*<\/span>\n\t\t\t\t\t\t<\/label>\n\t\t\t\t\t<\/div>\n\t\t\t\t<\/div>\n\t\t\t<\/div>\n\t\t\n\t    \n\t    <div class=\"builder-contact-field builder-contact-field-send control-input tf_textl tf_clear tf_rel\">\n\t\t\t<button type=\"submit\" class=\"btn btn-primary\">\n\t\t\t\t<span class=\"tf_loader\"><\/span>\t\t\t\t<span class=\"tf_submit_icon\"><\/span> \n\t\t\t\tSend\t\t\t<\/button>\n\t    <\/div>\n\t<\/div>\n    <\/form>\n    <\/div>\n<!-- \/module contact -->\n        <\/div>\n                    <div  data-lazy=\"1\" class=\"module_column tb-column col3-1 tb_uyrs307 last\">\n                            <\/div>\n                        <\/div>\n        <\/div>\n        <\/div>\n<!--\/themify_builder_content-->","protected":false},"excerpt":{"rendered":"<p>\u00c5terf\u00f6rs\u00e4ljare \u00c5ter-f\u00f6rs\u00e4ljare Vi s\u00f6ker efter utvalda grymma \u00e5terf\u00f6rs\u00e4ljare, s\u00e5som \u00e5tr\u00e5v\u00e4rda livsstils- och interi\u00f6rbutiker, unika hotell och andra fina anl\u00e4ggningar. Om beskrivningen passar din verksamhet, v\u00e4nligen fyll i nedan formul\u00e4r s\u00e5 tar vi kontakt! hello@meyenberg.se F\u00f6retagsnamn * Ditt namn * Din e-postadress * Ditt telefonnummer Webbadress Meddelande * Skicka en kopia till mig sj\u00e4lv I consent [&hellip;]<\/p>\n","protected":false},"author":1,"featured_media":0,"parent":0,"menu_order":0,"comment_status":"closed","ping_status":"closed","template":"","meta":{"footnotes":""},"class_list":["post-1902","page","type-page","status-publish","hentry","has-post-title","has-post-date","has-post-category","has-post-tag","has-post-comment","has-post-author",""],"yoast_head":"<!-- This site is optimized with the Yoast SEO plugin v27.4 - https:\/\/yoast.com\/product\/yoast-seo-wordpress\/ -->\n<title>Retailers - MEYENBERG Soap &amp; Scent<\/title>\n<meta name=\"robots\" content=\"index, follow, max-snippet:-1, max-image-preview:large, max-video-preview:-1\" \/>\n<link rel=\"canonical\" href=\"https:\/\/meyenberg.se\/en\/retailers\/\" \/>\n<meta property=\"og:locale\" content=\"en_US\" \/>\n<meta property=\"og:type\" content=\"article\" \/>\n<meta property=\"og:title\" content=\"Retailers - MEYENBERG Soap &amp; Scent\" \/>\n<meta property=\"og:description\" content=\"\u00c5terf\u00f6rs\u00e4ljare \u00c5ter-f\u00f6rs\u00e4ljare Vi s\u00f6ker efter utvalda grymma \u00e5terf\u00f6rs\u00e4ljare, s\u00e5som \u00e5tr\u00e5v\u00e4rda livsstils- och interi\u00f6rbutiker, unika hotell och andra fina anl\u00e4ggningar. Om beskrivningen passar din verksamhet, v\u00e4nligen fyll i nedan formul\u00e4r s\u00e5 tar vi kontakt! hello@meyenberg.se F\u00f6retagsnamn * Ditt namn * Din e-postadress * Ditt telefonnummer Webbadress Meddelande * Skicka en kopia till mig sj\u00e4lv I consent [&hellip;]\" \/>\n<meta property=\"og:url\" content=\"https:\/\/meyenberg.se\/en\/retailers\/\" \/>\n<meta property=\"og:site_name\" content=\"MEYENBERG Soap &amp; Scent\" \/>\n<meta property=\"article:publisher\" content=\"https:\/\/facebook.com\/meyenbergofficial\" \/>\n<meta property=\"article:modified_time\" content=\"2023-12-06T14:13:15+00:00\" \/>\n<meta name=\"twitter:card\" content=\"summary_large_image\" \/>\n<script type=\"application\/ld+json\" class=\"yoast-schema-graph\">{\"@context\":\"https:\\\/\\\/schema.org\",\"@graph\":[{\"@type\":\"WebPage\",\"@id\":\"https:\\\/\\\/meyenberg.se\\\/en\\\/retailers\\\/\",\"url\":\"https:\\\/\\\/meyenberg.se\\\/en\\\/retailers\\\/\",\"name\":\"Retailers - MEYENBERG Soap &amp; Scent\",\"isPartOf\":{\"@id\":\"https:\\\/\\\/meyenberg.se\\\/#website\"},\"datePublished\":\"2022-05-23T17:05:13+00:00\",\"dateModified\":\"2023-12-06T14:13:15+00:00\",\"breadcrumb\":{\"@id\":\"https:\\\/\\\/meyenberg.se\\\/en\\\/retailers\\\/#breadcrumb\"},\"inLanguage\":\"en-US\",\"potentialAction\":[{\"@type\":\"ReadAction\",\"target\":[\"https:\\\/\\\/meyenberg.se\\\/en\\\/retailers\\\/\"]}]},{\"@type\":\"BreadcrumbList\",\"@id\":\"https:\\\/\\\/meyenberg.se\\\/en\\\/retailers\\\/#breadcrumb\",\"itemListElement\":[{\"@type\":\"ListItem\",\"position\":1,\"name\":\"Hem\",\"item\":\"https:\\\/\\\/meyenberg.se\\\/en\\\/\"},{\"@type\":\"ListItem\",\"position\":2,\"name\":\"Retailers\"}]},{\"@type\":\"WebSite\",\"@id\":\"https:\\\/\\\/meyenberg.se\\\/#website\",\"url\":\"https:\\\/\\\/meyenberg.se\\\/\",\"name\":\"MEYENBERG Soap & Scent\",\"description\":\"100% vegan soap. Proudly produced in Marseilles with perfume from Grasse.\",\"publisher\":{\"@id\":\"https:\\\/\\\/meyenberg.se\\\/#organization\"},\"potentialAction\":[{\"@type\":\"SearchAction\",\"target\":{\"@type\":\"EntryPoint\",\"urlTemplate\":\"https:\\\/\\\/meyenberg.se\\\/?s={search_term_string}\"},\"query-input\":{\"@type\":\"PropertyValueSpecification\",\"valueRequired\":true,\"valueName\":\"search_term_string\"}}],\"inLanguage\":\"en-US\"},{\"@type\":\"Organization\",\"@id\":\"https:\\\/\\\/meyenberg.se\\\/#organization\",\"name\":\"MEYENBERG Soap & Scent\",\"url\":\"https:\\\/\\\/meyenberg.se\\\/\",\"logo\":{\"@type\":\"ImageObject\",\"inLanguage\":\"en-US\",\"@id\":\"https:\\\/\\\/meyenberg.se\\\/#\\\/schema\\\/logo\\\/image\\\/\",\"url\":\"https:\\\/\\\/meyenberg.se\\\/wp-content\\\/uploads\\\/2022\\\/06\\\/Meyenberg_logo_circular.png\",\"contentUrl\":\"https:\\\/\\\/meyenberg.se\\\/wp-content\\\/uploads\\\/2022\\\/06\\\/Meyenberg_logo_circular.png\",\"width\":500,\"height\":491,\"caption\":\"MEYENBERG Soap & Scent\"},\"image\":{\"@id\":\"https:\\\/\\\/meyenberg.se\\\/#\\\/schema\\\/logo\\\/image\\\/\"},\"sameAs\":[\"https:\\\/\\\/facebook.com\\\/meyenbergofficial\",\"https:\\\/\\\/instagram.com\\\/meyenbergofficial\"]}]}<\/script>\n<!-- \/ Yoast SEO plugin. -->","yoast_head_json":{"title":"Retailers - MEYENBERG Soap &amp; Scent","robots":{"index":"index","follow":"follow","max-snippet":"max-snippet:-1","max-image-preview":"max-image-preview:large","max-video-preview":"max-video-preview:-1"},"canonical":"https:\/\/meyenberg.se\/en\/retailers\/","og_locale":"en_US","og_type":"article","og_title":"Retailers - MEYENBERG Soap &amp; Scent","og_description":"\u00c5terf\u00f6rs\u00e4ljare \u00c5ter-f\u00f6rs\u00e4ljare Vi s\u00f6ker efter utvalda grymma \u00e5terf\u00f6rs\u00e4ljare, s\u00e5som \u00e5tr\u00e5v\u00e4rda livsstils- och interi\u00f6rbutiker, unika hotell och andra fina anl\u00e4ggningar. Om beskrivningen passar din verksamhet, v\u00e4nligen fyll i nedan formul\u00e4r s\u00e5 tar vi kontakt! hello@meyenberg.se F\u00f6retagsnamn * Ditt namn * Din e-postadress * Ditt telefonnummer Webbadress Meddelande * Skicka en kopia till mig sj\u00e4lv I consent [&hellip;]","og_url":"https:\/\/meyenberg.se\/en\/retailers\/","og_site_name":"MEYENBERG Soap &amp; Scent","article_publisher":"https:\/\/facebook.com\/meyenbergofficial","article_modified_time":"2023-12-06T14:13:15+00:00","twitter_card":"summary_large_image","schema":{"@context":"https:\/\/schema.org","@graph":[{"@type":"WebPage","@id":"https:\/\/meyenberg.se\/en\/retailers\/","url":"https:\/\/meyenberg.se\/en\/retailers\/","name":"Retailers - MEYENBERG Soap &amp; Scent","isPartOf":{"@id":"https:\/\/meyenberg.se\/#website"},"datePublished":"2022-05-23T17:05:13+00:00","dateModified":"2023-12-06T14:13:15+00:00","breadcrumb":{"@id":"https:\/\/meyenberg.se\/en\/retailers\/#breadcrumb"},"inLanguage":"en-US","potentialAction":[{"@type":"ReadAction","target":["https:\/\/meyenberg.se\/en\/retailers\/"]}]},{"@type":"BreadcrumbList","@id":"https:\/\/meyenberg.se\/en\/retailers\/#breadcrumb","itemListElement":[{"@type":"ListItem","position":1,"name":"Hem","item":"https:\/\/meyenberg.se\/en\/"},{"@type":"ListItem","position":2,"name":"Retailers"}]},{"@type":"WebSite","@id":"https:\/\/meyenberg.se\/#website","url":"https:\/\/meyenberg.se\/","name":"MEYENBERG Soap & Scent","description":"100% vegan soap. Proudly produced in Marseilles with perfume from Grasse.","publisher":{"@id":"https:\/\/meyenberg.se\/#organization"},"potentialAction":[{"@type":"SearchAction","target":{"@type":"EntryPoint","urlTemplate":"https:\/\/meyenberg.se\/?s={search_term_string}"},"query-input":{"@type":"PropertyValueSpecification","valueRequired":true,"valueName":"search_term_string"}}],"inLanguage":"en-US"},{"@type":"Organization","@id":"https:\/\/meyenberg.se\/#organization","name":"MEYENBERG Soap & Scent","url":"https:\/\/meyenberg.se\/","logo":{"@type":"ImageObject","inLanguage":"en-US","@id":"https:\/\/meyenberg.se\/#\/schema\/logo\/image\/","url":"https:\/\/meyenberg.se\/wp-content\/uploads\/2022\/06\/Meyenberg_logo_circular.png","contentUrl":"https:\/\/meyenberg.se\/wp-content\/uploads\/2022\/06\/Meyenberg_logo_circular.png","width":500,"height":491,"caption":"MEYENBERG Soap & Scent"},"image":{"@id":"https:\/\/meyenberg.se\/#\/schema\/logo\/image\/"},"sameAs":["https:\/\/facebook.com\/meyenbergofficial","https:\/\/instagram.com\/meyenbergofficial"]}]}},"builder_content":"<h1>Become a retailer<\/h1>\n<h1>Re-sellers<\/h1>\n<p>We are looking for selected awesome retailers, such as desirable lifestyle and interior design stores, unique hotels and other fine establishments. If the description fits your business, please fill in the form below and we will contact you!<\/p> <p><a href=\"mailto:hello@meyenberg.se\">hello@meyenberg.se<\/a><\/p>\n<form id=\"tb_5zmf304-form\" method=\"post\" data-post-id=\"0\" data-element-id=\"5zmf304\" data-orig-id=\"1902\" > <input type=\"hidden\" id=\"bc_nonce\" name=\"bc_nonce\" value=\"cf46a7f8c8\" \/><input type=\"hidden\" name=\"_wp_http_referer\" value=\"\/en\/wp-json\/wp\/v2\/pages\/1902\" \/> <label for=\"field_extra_tb_5zmf304_0\"> F\u00f6retagsnamn <input type=\"hidden\" name=\"field_extra_name_0\" value=\"F\u00f6retagsnamn\"> <\/label> <input type=\"text\" name=\"field_extra_0\" id=\"field_extra_tb_5zmf304_0\" placeholder=\"\"> <label for=\"tb_5zmf304-contact-name\"> Your name * <\/label> <input type=\"text\" name=\"contact-name\" placeholder=\"\" id=\"tb_5zmf304-contact-name\" value=\"\" required> <label for=\"tb_5zmf304-contact-email\"> Your e-mail address * <\/label> <input type=\"email\" name=\"contact-email\" placeholder=\"\" id=\"tb_5zmf304-contact-email\" value=\"\" required> <label for=\"field_extra_tb_5zmf304_1\"> Ditt telefonnummer <input type=\"hidden\" name=\"field_extra_name_1\" value=\"Ditt telefonnummer\"> <\/label> <input type=\"text\" name=\"field_extra_1\" id=\"field_extra_tb_5zmf304_1\" placeholder=\"\"> <label for=\"field_extra_tb_5zmf304_2\"> Webbadress <input type=\"hidden\" name=\"field_extra_name_2\" value=\"Webbadress\"> <\/label> <input type=\"text\" name=\"field_extra_2\" id=\"field_extra_tb_5zmf304_2\" placeholder=\"\"> <label for=\"tb_5zmf304-contact-message\"> Message <\/label> <textarea name=\"contact-message\" placeholder=\"\" id=\"tb_5zmf304-contact-message\"><\/textarea> <label> <input type=\"checkbox\" name=\"contact-sendcopy\" id=\"tb_5zmf304-sendcopy\" value=\"1\"> Send a copy to myself <\/label> <label> <input type=\"checkbox\" name=\"gdpr\" value=\"1\" required> I consent to my submitted data being collected and stored * <\/label> <button type=\"submit\"> Send <\/button> <\/form>","_links":{"self":[{"href":"https:\/\/meyenberg.se\/en\/wp-json\/wp\/v2\/pages\/1902","targetHints":{"allow":["GET"]}}],"collection":[{"href":"https:\/\/meyenberg.se\/en\/wp-json\/wp\/v2\/pages"}],"about":[{"href":"https:\/\/meyenberg.se\/en\/wp-json\/wp\/v2\/types\/page"}],"author":[{"embeddable":true,"href":"https:\/\/meyenberg.se\/en\/wp-json\/wp\/v2\/users\/1"}],"replies":[{"embeddable":true,"href":"https:\/\/meyenberg.se\/en\/wp-json\/wp\/v2\/comments?post=1902"}],"version-history":[{"count":4,"href":"https:\/\/meyenberg.se\/en\/wp-json\/wp\/v2\/pages\/1902\/revisions"}],"predecessor-version":[{"id":2086,"href":"https:\/\/meyenberg.se\/en\/wp-json\/wp\/v2\/pages\/1902\/revisions\/2086"}],"wp:attachment":[{"href":"https:\/\/meyenberg.se\/en\/wp-json\/wp\/v2\/media?parent=1902"}],"curies":[{"name":"wp","href":"https:\/\/api.w.org\/{rel}","templated":true}]}}